{"id":605,"date":"2025-06-25T17:04:45","date_gmt":"2025-06-25T15:04:45","guid":{"rendered":"https:\/\/lespiedsdansleplateau.fr\/?page_id=605"},"modified":"2025-06-25T21:55:01","modified_gmt":"2025-06-25T19:55:01","slug":"punk","status":"publish","type":"page","link":"https:\/\/lespiedsdansleplateau.fr\/index.php\/punk\/","title":{"rendered":"les pieds dans l&rsquo;Punk"},"content":{"rendered":"\t\t\t<style type=\"text\/css\"><\/style>\n\t\t\t<div id=\"pp-podcast-9278\" class=\"pp-podcast has-header header-hidden has-featured playerview media-audio\"  data-teaser=\"\" data-elength=\"18\" data-eunit=\"\" data-ppsdata=\"{&quot;ppe-9278-1&quot;:{&quot;title&quot;:&quot;Les pieds dans l&rsquo;punk n\\u00b04 LPDTMere&quot;,&quot;description&quot;:&quot;&lt;p&gt;Bon, un Les pieds dans l&rsquo;punk sans punk en personne&#8230;\\u00e0 l&rsquo;\\u00e9coute : Lucrate Milkhttps:\\\/\\\/lucratemilk.bandcamp.com\\\/&lt;\\\/p&gt;\\n&quot;,&quot;author&quot;:&quot;Les pieds dans le plateau&quot;,&quot;date&quot;:&quot;3 juin 2025&quot;,&quot;link&quot;:&quot;https:\\\/\\\/audioblog.arteradio.com\\\/blog\\\/196960\\\/podcast\\\/254287&quot;,&quot;src&quot;:&quot;https:\\\/\\\/sons-audioblogs.arte.tv\\\/audioblogs\\\/v2\\\/sons\\\/196960\\\/254287\\\/podcast_254287_sBbZm.mp3&quot;,&quot;featured&quot;:&quot;https:\\\/\\\/lespiedsdansleplateau.fr\\\/wp-content\\\/uploads\\\/2025\\\/06\\\/origin_254287_sB26x.png&quot;,&quot;featured_id&quot;:604,&quot;mediatype&quot;:&quot;audio&quot;,&quot;season&quot;:0,&quot;categories&quot;:[],&quot;duration&quot;:&quot;05:48&quot;,&quot;episodetype&quot;:&quot;full&quot;,&quot;timestamp&quot;:1748982939,&quot;key&quot;:&quot;febffc508bf32e2455becd30f010a5b3&quot;,&quot;fset&quot;:&quot;https:\\\/\\\/lespiedsdansleplateau.fr\\\/wp-content\\\/uploads\\\/2025\\\/06\\\/origin_254287_sB26x.png 404w, https:\\\/\\\/lespiedsdansleplateau.fr\\\/wp-content\\\/uploads\\\/2025\\\/06\\\/origin_254287_sB26x-300x276.png 300w&quot;,&quot;fratio&quot;:0.9207920792079208},&quot;ppe-9278-2&quot;:{&quot;title&quot;:&quot;Les pieds dans l&rsquo;punk Oi!&quot;,&quot;description&quot;:&quot;&lt;p&gt;Pr\\u00e9sentation du courant Oi! dans le punk&lt;\\\/p&gt;\\n&quot;,&quot;author&quot;:&quot;Les pieds dans le plateau&quot;,&quot;date&quot;:&quot;23 avril 2025&quot;,&quot;link&quot;:&quot;https:\\\/\\\/audioblog.arteradio.com\\\/blog\\\/196960\\\/podcast\\\/249889&quot;,&quot;src&quot;:&quot;https:\\\/\\\/sons-audioblogs.arte.tv\\\/audioblogs\\\/v2\\\/sons\\\/196960\\\/249889\\\/podcast_249889_2Ur81.mp3&quot;,&quot;featured&quot;:&quot;https:\\\/\\\/sons-audioblogs.arte.tv\\\/audioblogs\\\/v2\\\/sons\\\/196960\\\/249889\\\/origin_249889_l62Tn.jpeg&quot;,&quot;featured_id&quot;:0,&quot;mediatype&quot;:&quot;audio&quot;,&quot;season&quot;:0,&quot;categories&quot;:[],&quot;duration&quot;:&quot;51:35&quot;,&quot;episodetype&quot;:&quot;full&quot;,&quot;timestamp&quot;:1745394562,&quot;key&quot;:&quot;2b931d086ed11f2118e366151cdab14c&quot;,&quot;fset&quot;:&quot;&quot;,&quot;fratio&quot;:1},&quot;ppe-9278-3&quot;:{&quot;title&quot;:&quot;Les Pieds Dans L&rsquo;punk n\\u00b02&quot;,&quot;description&quot;:&quot;&lt;p&gt;Jean-Jean pr\\u00e9sente des groupes de punk du Bugey qui ont jou\\u00e9 pour la plupart \\u00e0 la Combe Noire, \\u00e0 Hauteville. Groupes qui existent encore ou pas, mais pour la majorit\\u00e9 qui n&rsquo;ont jamais sortis d&rsquo;albums&#8230; vous ne les entendrez probablement qu&rsquo;ici !!- Villabowski- Bugey d\\u00e9zingu\\u00e9- Arachnides- Rod\\u00e9o Stern- Les Konkasseurs&lt;\\\/p&gt;\\n&quot;,&quot;author&quot;:&quot;Les pieds dans le plateau&quot;,&quot;date&quot;:&quot;13 mars 2025&quot;,&quot;link&quot;:&quot;https:\\\/\\\/audioblog.arteradio.com\\\/blog\\\/196960\\\/podcast\\\/246827&quot;,&quot;src&quot;:&quot;https:\\\/\\\/sons-audioblogs.arte.tv\\\/audioblogs\\\/v2\\\/sons\\\/196960\\\/246827\\\/podcast_246827_xNeTd.mp3&quot;,&quot;featured&quot;:&quot;https:\\\/\\\/sons-audioblogs.arte.tv\\\/audioblogs\\\/v2\\\/sons\\\/196960\\\/246827\\\/origin_246827_9MbM4.jpeg&quot;,&quot;featured_id&quot;:0,&quot;mediatype&quot;:&quot;audio&quot;,&quot;season&quot;:0,&quot;categories&quot;:[],&quot;duration&quot;:&quot;43:39&quot;,&quot;episodetype&quot;:&quot;full&quot;,&quot;timestamp&quot;:1741898911,&quot;key&quot;:&quot;a87a9471fb4846ec2017684b620a9bd1&quot;,&quot;fset&quot;:&quot;&quot;,&quot;fratio&quot;:1},&quot;ppe-9278-4&quot;:{&quot;title&quot;:&quot;Les pieds dans le punk&#8230; Bugiste&quot;,&quot;description&quot;:&quot;&lt;p&gt;Premi\\u00e8re \\u00e9mission avec jean-jean, un historien modeste du mouvement punk&#8230;Aujourd&rsquo;hui on parle des groupes qui on \\u00e9t\\u00e9 bugiste&#8230;&lt;\\\/p&gt;\\n&quot;,&quot;author&quot;:&quot;Les pieds dans le plateau&quot;,&quot;date&quot;:&quot;13 f\\u00e9vrier 2025&quot;,&quot;link&quot;:&quot;https:\\\/\\\/audioblog.arteradio.com\\\/blog\\\/196960\\\/podcast\\\/244719&quot;,&quot;src&quot;:&quot;https:\\\/\\\/sons-audioblogs.arte.tv\\\/audioblogs\\\/v2\\\/sons\\\/196960\\\/244719\\\/podcast_244719_i81Uq.mp3&quot;,&quot;featured&quot;:&quot;https:\\\/\\\/sons-audioblogs.arte.tv\\\/audioblogs\\\/v2\\\/sons\\\/196960\\\/244719\\\/origin_244719_y510s.jpeg&quot;,&quot;featured_id&quot;:0,&quot;mediatype&quot;:&quot;audio&quot;,&quot;season&quot;:0,&quot;categories&quot;:[],&quot;duration&quot;:&quot;39:37&quot;,&quot;episodetype&quot;:&quot;full&quot;,&quot;timestamp&quot;:1739455971,&quot;key&quot;:&quot;072ace618b098278394847bb2dd911ed&quot;,&quot;fset&quot;:&quot;&quot;,&quot;fratio&quot;:1},&quot;load_info&quot;:{&quot;loaded&quot;:4,&quot;displayed&quot;:10,&quot;offset&quot;:0,&quot;maxItems&quot;:4,&quot;src&quot;:&quot;d7c8cb3190147f282d8c01e1cee58f3d&quot;,&quot;step&quot;:10,&quot;sortby&quot;:&quot;sort_date_desc&quot;,&quot;filterby&quot;:&quot;punk&quot;,&quot;fixed&quot;:&quot;&quot;,&quot;args&quot;:{&quot;imgurl&quot;:&quot;https:\\\/\\\/back-audioblog.arteradio.com\\\/sites\\\/default\\\/files\\\/pictures\\\/origin_196960_g5wBj.jpg&quot;,&quot;imgset&quot;:&quot;&quot;,&quot;display&quot;:&quot;&quot;,&quot;hddesc&quot;:0,&quot;hdfeat&quot;:0,&quot;oricov&quot;:&quot;https:\\\/\\\/back-audioblog.arteradio.com\\\/sites\\\/default\\\/files\\\/pictures\\\/origin_196960_g5wBj.jpg&quot;,&quot;elength&quot;:18}},&quot;rdata&quot;:{&quot;permalink&quot;:&quot;https:\\\/\\\/lespiedsdansleplateau.fr\\\/wp-json\\\/wp\\\/v2\\\/pages\\\/605&quot;,&quot;fprint&quot;:&quot;d7c8cb3190147f282d8c01e1cee58f3d&quot;,&quot;from&quot;:&quot;feedurl&quot;,&quot;elen&quot;:18,&quot;eunit&quot;:&quot;&quot;,&quot;teaser&quot;:&quot;&quot;,&quot;title&quot;:&quot;Les pieds dans le plateau&quot;,&quot;autoplay&quot;:&quot;autoplay&quot;}}\"><div class=\"pp-podcast__wrapper\"><div class=\"pp-podcast__info pod-info\"><div class=\"pod-info__header pod-header\"><div class=\"pod-header__image\"><div class=\"pod-header__image-wrapper\"><img decoding=\"async\" class=\"podcast-cover-image\" src=\"https:\/\/back-audioblog.arteradio.com\/sites\/default\/files\/pictures\/origin_196960_g5wBj.jpg\" srcset=\"\" sizes=\"(max-width: 640px) 100vw, 25vw\" alt=\"Les pieds dans le plateau\"><\/div><span class=\"pod-header__image-style\" style=\"display: block; width: 100%; padding-top: 100%\"><\/div><div class=\"pod-header__items pod-items\"><div class=\"pod-items__title\">Les pieds dans le plateau<\/div><div class=\"pod-items__desc\"><p>Et si on faisait de la radio ?Une vingtaine de personnes ont d\u00e9cid\u00e9 de cr\u00e9er une radio associative et libre dans le Bugey. Suivez leurs p\u00e9r\u00e9grinations radiophoniques !<\/p>\n<\/div><\/div><\/div><\/div><div class=\"pp-podcast__content pod-content\"><div class=\"pp-podcast__single\"><div class=\"pp-podcast__player\"><div class=\"pp-player-episode\"><audio id=\"pp-podcast-9278-player\" preload=\"none\" class=\"pp-podcast-episode\" style=\"width: 100%;\" controls=\"controls\"><source type=\"audio\/mpeg\" src=\"https:\/\/sons-audioblogs.arte.tv\/audioblogs\/v2\/sons\/196960\/254287\/podcast_254287_sBbZm.mp3\" \/><\/audio><\/div><\/div><div class=\"pod-content__episode episode-single\"><button class=\"episode-single__close\" aria-expanded=\"false\" aria-label=\"Close Single Episode\"><span class=\"btn-icon-wrap\"><svg class=\"icon icon-pp-x\" aria-hidden=\"true\" role=\"img\" focusable=\"false\"><use href=\"#icon-pp-x\" xlink:href=\"#icon-pp-x\"><\/use><\/svg><\/span><\/button><div class=\"episode-single__wrapper\"><div class=\"episode-single__header\"><div class=\"episode-single__title\">Les pieds dans l&rsquo;punk n\u00b04 LPDTMere<\/div><div class=\"episode-single__author\"><span class=\"byname\">by<\/span><span class=\"single-author\">Les pieds dans le plateau<\/span><\/div><\/div><div class=\"episode-single__description\"><p>Bon, un Les pieds dans l&rsquo;punk sans punk en personne&#8230;\u00e0 l&rsquo;\u00e9coute : Lucrate Milkhttps:\/\/lucratemilk.bandcamp.com\/<\/p><\/div><\/div><div class=\"ppjs__img-wrapper \"><div class=\"ppjs__img-btn-cover\"><img decoding=\"async\" class=\"ppjs__img-btn\" src=\"https:\/\/lespiedsdansleplateau.fr\/wp-content\/uploads\/2025\/06\/origin_254287_sB26x.png\" srcset=\"https:\/\/lespiedsdansleplateau.fr\/wp-content\/uploads\/2025\/06\/origin_254287_sB26x.png 404w, https:\/\/lespiedsdansleplateau.fr\/wp-content\/uploads\/2025\/06\/origin_254287_sB26x-300x276.png 300w\" sizes=\"(max-width: 640px) 100vw, 300px\" alt=\"Les pieds dans l&rsquo;punk n\u00b04 LPDTMere\"><\/div><div><span class=\"ppjs__img-btn-style\" style=\"display: block; width: 100%; padding-top: 92.079207920792%\"><\/div><\/div><\/div><\/div><div class=\"pod-content__list episode-list\"><div class=\"episode-list__filters\"><div class=\"episode-list__search\"><label class=\"label-episode-search\"><span class=\"ppjs__offscreen\">Search Episodes<\/span><input type=\"text\" placeholder=\"Search Episodes\" title=\"Search Podcast Episodes\"\/><\/label><span class=\"episode-list__search-icon\"><svg class=\"icon icon-pp-search\" aria-hidden=\"true\" role=\"img\" focusable=\"false\"><use href=\"#icon-pp-search\" xlink:href=\"#icon-pp-search\"><\/use><\/svg><\/span><\/div><button class=\"episode-list__clear-search pod-button\"><svg class=\"icon icon-pp-x\" aria-hidden=\"true\" role=\"img\" focusable=\"false\"><use href=\"#icon-pp-x\" xlink:href=\"#icon-pp-x\"><\/use><\/svg><span class=\"ppjs__offscreen\">Clear Search<\/span><\/button><\/div><div class=\"episode-list__wrapper\">\n<div id=\"ppe-9278-1\" class=\"episode-list__entry pod-entry\" data-search-term=\"les pieds dans l&rsquo;punk n\u00b04 lpdtmere\" data-cats=\"\">\n\t<div class=\"pod-entry__wrapper\">\n\t\t<div class=\"pod-entry__content\">\n\t\t\t<div class=\"pod-entry__title\">\n\t\t\t\t<a href=\"https:\/\/audioblog.arteradio.com\/blog\/196960\/podcast\/254287\">Les pieds dans l&rsquo;punk n\u00b04 LPDTMere<\/a>\n\t\t\t<\/div>\n\t\t\t<div class=\"pod-entry__date\">3 juin 2025<\/div>\n\t\t\t\t\t\t\t<div class=\"pod-entry__author\">Les pieds dans le plateau<\/div>\n\t\t\t\t\t<\/div>\n\t<\/div>\n<\/div>\n\n<div id=\"ppe-9278-2\" class=\"episode-list__entry pod-entry\" data-search-term=\"les pieds dans l&rsquo;punk oi!\" data-cats=\"\">\n\t<div class=\"pod-entry__wrapper\">\n\t\t<div class=\"pod-entry__content\">\n\t\t\t<div class=\"pod-entry__title\">\n\t\t\t\t<a href=\"https:\/\/audioblog.arteradio.com\/blog\/196960\/podcast\/249889\">Les pieds dans l&rsquo;punk Oi!<\/a>\n\t\t\t<\/div>\n\t\t\t<div class=\"pod-entry__date\">23 avril 2025<\/div>\n\t\t\t\t\t\t\t<div class=\"pod-entry__author\">Les pieds dans le plateau<\/div>\n\t\t\t\t\t<\/div>\n\t<\/div>\n<\/div>\n\n<div id=\"ppe-9278-3\" class=\"episode-list__entry pod-entry\" data-search-term=\"les pieds dans l&rsquo;punk n\u00b02\" data-cats=\"\">\n\t<div class=\"pod-entry__wrapper\">\n\t\t<div class=\"pod-entry__content\">\n\t\t\t<div class=\"pod-entry__title\">\n\t\t\t\t<a href=\"https:\/\/audioblog.arteradio.com\/blog\/196960\/podcast\/246827\">Les Pieds Dans L&rsquo;punk n\u00b02<\/a>\n\t\t\t<\/div>\n\t\t\t<div class=\"pod-entry__date\">13 mars 2025<\/div>\n\t\t\t\t\t\t\t<div class=\"pod-entry__author\">Les pieds dans le plateau<\/div>\n\t\t\t\t\t<\/div>\n\t<\/div>\n<\/div>\n\n<div id=\"ppe-9278-4\" class=\"episode-list__entry pod-entry\" data-search-term=\"les pieds dans le punk&#8230; bugiste\" data-cats=\"\">\n\t<div class=\"pod-entry__wrapper\">\n\t\t<div class=\"pod-entry__content\">\n\t\t\t<div class=\"pod-entry__title\">\n\t\t\t\t<a href=\"https:\/\/audioblog.arteradio.com\/blog\/196960\/podcast\/244719\">Les pieds dans le punk&#8230; Bugiste<\/a>\n\t\t\t<\/div>\n\t\t\t<div class=\"pod-entry__date\">13 f\u00e9vrier 2025<\/div>\n\t\t\t\t\t\t\t<div class=\"pod-entry__author\">Les pieds dans le plateau<\/div>\n\t\t\t\t\t<\/div>\n\t<\/div>\n<\/div>\n<div class=\"episode-list__search-results episode-search\"><span class=\"ppjs__offscreen\">Search Results placeholder<\/span><\/div><\/div><\/div><div class=\"ppjs__list-reveal\"><div class=\"ppjs__button\"><button class=\"pp-prev-btn\"><span class=\"ppjs__offscreen\">Previous Episode<\/span><span class=\"btn-icon-wrap\"><svg class=\"icon icon-pp-previous\" aria-hidden=\"true\" role=\"img\" focusable=\"false\"><use href=\"#icon-pp-previous\" xlink:href=\"#icon-pp-previous\"><\/use><\/svg><\/span><\/button><\/div><div class=\"ppjs__button\"><button class=\"pp-list-btn\"><span class=\"ppjs__offscreen\">Show Episodes List<\/span><span class=\"btn-icon-wrap\"><svg class=\"icon icon-pp-show-list\" aria-hidden=\"true\" role=\"img\" focusable=\"false\"><use href=\"#icon-pp-show-list\" xlink:href=\"#icon-pp-show-list\"><\/use><\/svg><svg class=\"icon icon-pp-hide-list\" aria-hidden=\"true\" role=\"img\" focusable=\"false\"><use href=\"#icon-pp-hide-list\" xlink:href=\"#icon-pp-hide-list\"><\/use><\/svg><\/span><\/button><\/div><div class=\"ppjs__button\"><button class=\"pp-next-btn\"><span class=\"ppjs__offscreen\">Next Episode<\/span><span class=\"btn-icon-wrap\"><svg class=\"icon icon-pp-next\" aria-hidden=\"true\" role=\"img\" focusable=\"false\"><use href=\"#icon-pp-next\" xlink:href=\"#icon-pp-next\"><\/use><\/svg><\/span><\/button><\/div><\/div><\/div><\/div><div class=\"pod-content__launcher pod-launch\"><button class=\"pod-launch__button pod-launch__info pod-button\" aria-expanded=\"false\"><span class=\"ppjs__offscreen\">Show Podcast Information<\/span><span class=\"btn-icon-wrap\"><svg class=\"icon icon-pp-podcast\" aria-hidden=\"true\" role=\"img\" focusable=\"false\"><use href=\"#icon-pp-podcast\" xlink:href=\"#icon-pp-podcast\"><\/use><\/svg><svg class=\"icon icon-pp-x\" aria-hidden=\"true\" role=\"img\" focusable=\"false\"><use href=\"#icon-pp-x\" xlink:href=\"#icon-pp-x\"><\/use><\/svg><\/span><\/button><\/div><\/div>\n","protected":false},"excerpt":{"rendered":"","protected":false},"author":1,"featured_media":0,"parent":0,"menu_order":0,"comment_status":"closed","ping_status":"closed","template":"","meta":{"footnotes":""},"class_list":["post-605","page","type-page","status-publish","hentry"],"_links":{"self":[{"href":"https:\/\/lespiedsdansleplateau.fr\/index.php\/wp-json\/wp\/v2\/pages\/605","targetHints":{"allow":["GET"]}}],"collection":[{"href":"https:\/\/lespiedsdansleplateau.fr\/index.php\/wp-json\/wp\/v2\/pages"}],"about":[{"href":"https:\/\/lespiedsdansleplateau.fr\/index.php\/wp-json\/wp\/v2\/types\/page"}],"author":[{"embeddable":true,"href":"https:\/\/lespiedsdansleplateau.fr\/index.php\/wp-json\/wp\/v2\/users\/1"}],"replies":[{"embeddable":true,"href":"https:\/\/lespiedsdansleplateau.fr\/index.php\/wp-json\/wp\/v2\/comments?post=605"}],"version-history":[{"count":3,"href":"https:\/\/lespiedsdansleplateau.fr\/index.php\/wp-json\/wp\/v2\/pages\/605\/revisions"}],"predecessor-version":[{"id":644,"href":"https:\/\/lespiedsdansleplateau.fr\/index.php\/wp-json\/wp\/v2\/pages\/605\/revisions\/644"}],"wp:attachment":[{"href":"https:\/\/lespiedsdansleplateau.fr\/index.php\/wp-json\/wp\/v2\/media?parent=605"}],"curies":[{"name":"wp","href":"https:\/\/api.w.org\/{rel}","templated":true}]}}