{"id":608,"date":"2025-06-25T17:05:56","date_gmt":"2025-06-25T15:05:56","guid":{"rendered":"https:\/\/lespiedsdansleplateau.fr\/?page_id=608"},"modified":"2025-06-25T17:05:56","modified_gmt":"2025-06-25T15:05:56","slug":"astronomie","status":"publish","type":"page","link":"https:\/\/lespiedsdansleplateau.fr\/index.php\/astronomie\/","title":{"rendered":"Astronomie"},"content":{"rendered":"\t\t\t<style type=\"text\/css\"><\/style>\n\t\t\t<div id=\"pp-podcast-7823\" class=\"pp-podcast has-header header-hidden has-featured playerview media-audio\"  data-teaser=\"\" data-elength=\"18\" data-eunit=\"\" data-ppsdata=\"{&quot;ppe-7823-1&quot;:{&quot;title&quot;:&quot;05 Astronomie #LPDLurnes&quot;,&quot;description&quot;:&quot;&lt;p&gt;\\u00ab Les extraterrestres existent-ils ? \\u00bb&lt;\\\/p&gt;\\n&quot;,&quot;author&quot;:&quot;Les pieds dans le plateau&quot;,&quot;date&quot;:&quot;27 mars 2026&quot;,&quot;link&quot;:&quot;https:\\\/\\\/audioblog.arteradio.com\\\/blog\\\/196960\\\/podcast\\\/272050&quot;,&quot;src&quot;:&quot;https:\\\/\\\/back-audioblog.arteradio.com\\\/sites\\\/default\\\/files\\\/audios\\\/origin_podcast_272050_kJc88.mp3&quot;,&quot;featured&quot;:&quot;https:\\\/\\\/lespiedsdansleplateau.fr\\\/wp-content\\\/uploads\\\/2026\\\/03\\\/origin_272050_9HlPh-768x512.png&quot;,&quot;featured_id&quot;:850,&quot;mediatype&quot;:&quot;audio&quot;,&quot;season&quot;:0,&quot;categories&quot;:[],&quot;duration&quot;:&quot;17:32&quot;,&quot;episodetype&quot;:&quot;full&quot;,&quot;timestamp&quot;:1774589649,&quot;key&quot;:&quot;29262a29edaaef5cf92a556bd022534e&quot;,&quot;fset&quot;:&quot;https:\\\/\\\/lespiedsdansleplateau.fr\\\/wp-content\\\/uploads\\\/2026\\\/03\\\/origin_272050_9HlPh-768x512.png 768w, https:\\\/\\\/lespiedsdansleplateau.fr\\\/wp-content\\\/uploads\\\/2026\\\/03\\\/origin_272050_9HlPh-300x200.png 300w, https:\\\/\\\/lespiedsdansleplateau.fr\\\/wp-content\\\/uploads\\\/2026\\\/03\\\/origin_272050_9HlPh-1024x683.png 1024w, https:\\\/\\\/lespiedsdansleplateau.fr\\\/wp-content\\\/uploads\\\/2026\\\/03\\\/origin_272050_9HlPh.png 1280w&quot;,&quot;fratio&quot;:0.6671875},&quot;ppe-7823-2&quot;:{&quot;title&quot;:&quot;14 astronomie solstice d&rsquo;hiver #LPDLanniv&quot;,&quot;description&quot;:&quot;&lt;p&gt;solstice d&rsquo;hiver&lt;\\\/p&gt;\\n&quot;,&quot;author&quot;:&quot;Les pieds dans le plateau&quot;,&quot;date&quot;:&quot;21 janvier 2026&quot;,&quot;link&quot;:&quot;https:\\\/\\\/audioblog.arteradio.com\\\/blog\\\/196960\\\/podcast\\\/267222&quot;,&quot;src&quot;:&quot;https:\\\/\\\/sons-audioblogs.arte.tv\\\/audioblogs\\\/v2\\\/sons\\\/196960\\\/267222\\\/podcast_267222_v4eYc.mp3&quot;,&quot;featured&quot;:&quot;https:\\\/\\\/lespiedsdansleplateau.fr\\\/wp-content\\\/uploads\\\/2026\\\/01\\\/origin_267222_aV1Uf.jpeg&quot;,&quot;featured_id&quot;:806,&quot;mediatype&quot;:&quot;audio&quot;,&quot;season&quot;:0,&quot;categories&quot;:[],&quot;duration&quot;:&quot;20:32&quot;,&quot;episodetype&quot;:&quot;full&quot;,&quot;timestamp&quot;:1768990282,&quot;key&quot;:&quot;4f7f2b21c6585dce11f76bff765b03d7&quot;,&quot;fset&quot;:&quot;https:\\\/\\\/lespiedsdansleplateau.fr\\\/wp-content\\\/uploads\\\/2026\\\/01\\\/origin_267222_aV1Uf.jpeg 707w, https:\\\/\\\/lespiedsdansleplateau.fr\\\/wp-content\\\/uploads\\\/2026\\\/01\\\/origin_267222_aV1Uf-207x300.jpeg 207w&quot;,&quot;fratio&quot;:1.4484375},&quot;ppe-7823-3&quot;:{&quot;title&quot;:&quot;03 astronomie : qu&rsquo;est-ce que l&rsquo;\\u00e9quinoxe #LPDLequinoxe&quot;,&quot;description&quot;:&quot;&lt;p&gt;astronomie, qu&rsquo;est ce que l&rsquo;\\u00e9quinoxe&lt;\\\/p&gt;\\n&quot;,&quot;author&quot;:&quot;Les pieds dans le plateau&quot;,&quot;date&quot;:&quot;23 septembre 2025&quot;,&quot;link&quot;:&quot;https:\\\/\\\/audioblog.arteradio.com\\\/blog\\\/196960\\\/podcast\\\/260103&quot;,&quot;src&quot;:&quot;https:\\\/\\\/sons-audioblogs.arte.tv\\\/audioblogs\\\/v2\\\/sons\\\/196960\\\/260103\\\/podcast_260103_iTwE5.mp3&quot;,&quot;featured&quot;:&quot;https:\\\/\\\/lespiedsdansleplateau.fr\\\/wp-content\\\/uploads\\\/2025\\\/09\\\/origin_260103_8L2Nn.png&quot;,&quot;featured_id&quot;:685,&quot;mediatype&quot;:&quot;audio&quot;,&quot;season&quot;:0,&quot;categories&quot;:[],&quot;duration&quot;:&quot;16:33&quot;,&quot;episodetype&quot;:&quot;full&quot;,&quot;timestamp&quot;:1758643661,&quot;key&quot;:&quot;08feb5d36ec2b4e836f5ccf0f88482ac&quot;,&quot;fset&quot;:&quot;https:\\\/\\\/lespiedsdansleplateau.fr\\\/wp-content\\\/uploads\\\/2025\\\/09\\\/origin_260103_8L2Nn.png 343w, https:\\\/\\\/lespiedsdansleplateau.fr\\\/wp-content\\\/uploads\\\/2025\\\/09\\\/origin_260103_8L2Nn-300x296.png 300w&quot;,&quot;fratio&quot;:0.9854227405247813},&quot;ppe-7823-4&quot;:{&quot;title&quot;:&quot;Astronomie : les exoplan\\u00e8tes LPDTMere&quot;,&quot;description&quot;:&quot;&lt;p&gt;Les exoplan\\u00e8tes ou plan\\u00e8tes extrasolaires : les plan\\u00e8tes situ\\u00e9es en dehors du Syst\\u00e8me solaire.&lt;\\\/p&gt;\\n&quot;,&quot;author&quot;:&quot;Les pieds dans le plateau&quot;,&quot;date&quot;:&quot;3 juin 2025&quot;,&quot;link&quot;:&quot;https:\\\/\\\/audioblog.arteradio.com\\\/blog\\\/196960\\\/podcast\\\/254285&quot;,&quot;src&quot;:&quot;https:\\\/\\\/sons-audioblogs.arte.tv\\\/audioblogs\\\/v2\\\/sons\\\/196960\\\/254285\\\/podcast_254285_94gZz.mp3&quot;,&quot;featured&quot;:&quot;https:\\\/\\\/lespiedsdansleplateau.fr\\\/wp-content\\\/uploads\\\/2025\\\/06\\\/origin_254285_8MeXs.png&quot;,&quot;featured_id&quot;:607,&quot;mediatype&quot;:&quot;audio&quot;,&quot;season&quot;:0,&quot;categories&quot;:[],&quot;duration&quot;:&quot;19:48&quot;,&quot;episodetype&quot;:&quot;full&quot;,&quot;timestamp&quot;:1748982096,&quot;key&quot;:&quot;22b6d8f8f6faa201780832d166478cf0&quot;,&quot;fset&quot;:&quot;https:\\\/\\\/lespiedsdansleplateau.fr\\\/wp-content\\\/uploads\\\/2025\\\/06\\\/origin_254285_8MeXs.png 404w, https:\\\/\\\/lespiedsdansleplateau.fr\\\/wp-content\\\/uploads\\\/2025\\\/06\\\/origin_254285_8MeXs-300x276.png 300w&quot;,&quot;fratio&quot;:0.9207920792079208},&quot;ppe-7823-5&quot;:{&quot;title&quot;:&quot;Astronomie et Mythologie&quot;,&quot;description&quot;:&quot;&lt;p&gt;L&rsquo;\\u00e9mission d&rsquo;astronomie de LPDLP.Ici, l&rsquo;histoire de l&rsquo;astronomie et la mythologie.&lt;\\\/p&gt;\\n&quot;,&quot;author&quot;:&quot;Les pieds dans le plateau&quot;,&quot;date&quot;:&quot;13 mars 2025&quot;,&quot;link&quot;:&quot;https:\\\/\\\/audioblog.arteradio.com\\\/blog\\\/196960\\\/podcast\\\/246742&quot;,&quot;src&quot;:&quot;https:\\\/\\\/sons-audioblogs.arte.tv\\\/audioblogs\\\/v2\\\/sons\\\/196960\\\/246742\\\/podcast_246742_j2m3m.mp3&quot;,&quot;featured&quot;:&quot;https:\\\/\\\/sons-audioblogs.arte.tv\\\/audioblogs\\\/v2\\\/sons\\\/196960\\\/246742\\\/origin_246742_410Ba.jpeg&quot;,&quot;featured_id&quot;:0,&quot;mediatype&quot;:&quot;audio&quot;,&quot;season&quot;:0,&quot;categories&quot;:[],&quot;duration&quot;:&quot;18:06&quot;,&quot;episodetype&quot;:&quot;full&quot;,&quot;timestamp&quot;:1741856959,&quot;key&quot;:&quot;68a8cc06a3c3e7eac2ef91fb7b01537e&quot;,&quot;fset&quot;:&quot;&quot;,&quot;fratio&quot;:1},&quot;ppe-7823-6&quot;:{&quot;title&quot;:&quot;Astronomie vs. Astrologie&quot;,&quot;description&quot;:&quot;&lt;p&gt;Bill mais en opposition astronomie \\u00e0 l&rsquo;astrologie&#8230; pour qui allez vous prendre parti?&lt;\\\/p&gt;\\n&quot;,&quot;author&quot;:&quot;Les pieds dans le plateau&quot;,&quot;date&quot;:&quot;13 f\\u00e9vrier 2025&quot;,&quot;link&quot;:&quot;https:\\\/\\\/audioblog.arteradio.com\\\/blog\\\/196960\\\/podcast\\\/244710&quot;,&quot;src&quot;:&quot;https:\\\/\\\/sons-audioblogs.arte.tv\\\/audioblogs\\\/v2\\\/sons\\\/196960\\\/244710\\\/podcast_244710_lIyWp.mp3&quot;,&quot;featured&quot;:&quot;https:\\\/\\\/sons-audioblogs.arte.tv\\\/audioblogs\\\/v2\\\/sons\\\/196960\\\/244710\\\/origin_244710_1UjJ9.jpeg&quot;,&quot;featured_id&quot;:0,&quot;mediatype&quot;:&quot;audio&quot;,&quot;season&quot;:0,&quot;categories&quot;:[],&quot;duration&quot;:&quot;21:52&quot;,&quot;episodetype&quot;:&quot;full&quot;,&quot;timestamp&quot;:1739454409,&quot;key&quot;:&quot;81b1ee32067f0f8e1c7c6461cc7ecac2&quot;,&quot;fset&quot;:&quot;&quot;,&quot;fratio&quot;:1},&quot;ppe-7823-7&quot;:{&quot;title&quot;:&quot;Astronomie : la mort du soleil&quot;,&quot;description&quot;:&quot;&lt;p&gt;Chronique astronomique : la mort du soleil&#8230;&lt;\\\/p&gt;\\n&quot;,&quot;author&quot;:&quot;Les pieds dans le plateau&quot;,&quot;date&quot;:&quot;13 janvier 2025&quot;,&quot;link&quot;:&quot;https:\\\/\\\/audioblog.arteradio.com\\\/blog\\\/196960\\\/podcast\\\/242626&quot;,&quot;src&quot;:&quot;https:\\\/\\\/sons-audioblogs.arte.tv\\\/audioblogs\\\/v2\\\/sons\\\/196960\\\/242626\\\/podcast_242626_k9vCd.mp3&quot;,&quot;featured&quot;:&quot;https:\\\/\\\/sons-audioblogs.arte.tv\\\/audioblogs\\\/v2\\\/sons\\\/196960\\\/242626\\\/origin_242626_yY0M4.png&quot;,&quot;featured_id&quot;:0,&quot;mediatype&quot;:&quot;audio&quot;,&quot;season&quot;:0,&quot;categories&quot;:[],&quot;duration&quot;:&quot;20:02&quot;,&quot;episodetype&quot;:&quot;full&quot;,&quot;timestamp&quot;:1736767481,&quot;key&quot;:&quot;260e715d66f069044f5be7edf3f6f8de&quot;,&quot;fset&quot;:&quot;&quot;,&quot;fratio&quot;:1},&quot;ppe-7823-8&quot;:{&quot;title&quot;:&quot;Astronomie : Eau et syst\\u00e8me solaire&quot;,&quot;description&quot;:&quot;&lt;p&gt;Astronomie : eau et syst\\u00e8me solaire&lt;\\\/p&gt;\\n&quot;,&quot;author&quot;:&quot;Les pieds dans le plateau&quot;,&quot;date&quot;:&quot;3 d\\u00e9cembre 2024&quot;,&quot;link&quot;:&quot;https:\\\/\\\/audioblog.arteradio.com\\\/blog\\\/196960\\\/podcast\\\/239979&quot;,&quot;src&quot;:&quot;https:\\\/\\\/sons-audioblogs.arte.tv\\\/audioblogs\\\/v2\\\/sons\\\/196960\\\/239979\\\/podcast_239979_jEj0v.mp3&quot;,&quot;featured&quot;:&quot;https:\\\/\\\/sons-audioblogs.arte.tv\\\/audioblogs\\\/v2\\\/sons\\\/196960\\\/239979\\\/origin_239979_mJcSy.jpeg&quot;,&quot;featured_id&quot;:0,&quot;mediatype&quot;:&quot;audio&quot;,&quot;season&quot;:0,&quot;categories&quot;:[],&quot;duration&quot;:&quot;17:40&quot;,&quot;episodetype&quot;:&quot;full&quot;,&quot;timestamp&quot;:1733251773,&quot;key&quot;:&quot;54c9877f922a007298fa4863102bb31d&quot;,&quot;fset&quot;:&quot;&quot;,&quot;fratio&quot;:1},&quot;load_info&quot;:{&quot;loaded&quot;:8,&quot;displayed&quot;:10,&quot;offset&quot;:0,&quot;maxItems&quot;:8,&quot;src&quot;:&quot;d7c8cb3190147f282d8c01e1cee58f3d&quot;,&quot;step&quot;:10,&quot;sortby&quot;:&quot;sort_date_desc&quot;,&quot;filterby&quot;:&quot;astronomie&quot;,&quot;fixed&quot;:&quot;&quot;,&quot;args&quot;:{&quot;imgurl&quot;:&quot;https:\\\/\\\/back-audioblog.arteradio.com\\\/sites\\\/default\\\/files\\\/pictures\\\/origin_196960_g5wBj.jpg&quot;,&quot;imgset&quot;:&quot;&quot;,&quot;display&quot;:&quot;&quot;,&quot;hddesc&quot;:0,&quot;hdfeat&quot;:0,&quot;oricov&quot;:&quot;https:\\\/\\\/back-audioblog.arteradio.com\\\/sites\\\/default\\\/files\\\/pictures\\\/origin_196960_g5wBj.jpg&quot;,&quot;elength&quot;:18}},&quot;rdata&quot;:{&quot;permalink&quot;:&quot;https:\\\/\\\/lespiedsdansleplateau.fr\\\/wp-json\\\/wp\\\/v2\\\/pages\\\/608&quot;,&quot;fprint&quot;:&quot;d7c8cb3190147f282d8c01e1cee58f3d&quot;,&quot;from&quot;:&quot;feedurl&quot;,&quot;elen&quot;:18,&quot;eunit&quot;:&quot;&quot;,&quot;teaser&quot;:&quot;&quot;,&quot;title&quot;:&quot;Les pieds dans le plateau&quot;,&quot;autoplay&quot;:&quot;autoplay&quot;}}\"><div class=\"pp-podcast__wrapper\"><div class=\"pp-podcast__info pod-info\"><div class=\"pod-info__header pod-header\"><div class=\"pod-header__image\"><div class=\"pod-header__image-wrapper\"><img decoding=\"async\" class=\"podcast-cover-image\" src=\"https:\/\/back-audioblog.arteradio.com\/sites\/default\/files\/pictures\/origin_196960_g5wBj.jpg\" srcset=\"\" sizes=\"(max-width: 640px) 100vw, 25vw\" alt=\"Les pieds dans le plateau\"><\/div><span class=\"pod-header__image-style\" style=\"display: block; width: 100%; padding-top: 100%\"><\/div><div class=\"pod-header__items pod-items\"><div class=\"pod-items__title\">Les pieds dans le plateau<\/div><div class=\"pod-items__desc\"><p>Et si on faisait de la radio ?Une vingtaine de personnes ont d\u00e9cid\u00e9 de cr\u00e9er une radio associative et libre dans le Bugey. Suivez leurs p\u00e9r\u00e9grinations radiophoniques !<\/p>\n<\/div><\/div><\/div><\/div><div class=\"pp-podcast__content pod-content\"><div class=\"pp-podcast__single\"><div class=\"pp-podcast__player\"><div class=\"pp-player-episode\"><audio id=\"pp-podcast-7823-player\" preload=\"none\" class=\"pp-podcast-episode\" style=\"width: 100%;\" controls=\"controls\"><source type=\"audio\/mpeg\" src=\"https:\/\/back-audioblog.arteradio.com\/sites\/default\/files\/audios\/origin_podcast_272050_kJc88.mp3\" \/><\/audio><\/div><\/div><div class=\"pod-content__episode episode-single\"><button class=\"episode-single__close\" aria-expanded=\"false\" aria-label=\"Close Single Episode\"><span class=\"btn-icon-wrap\"><svg class=\"icon icon-pp-x\" aria-hidden=\"true\" role=\"img\" focusable=\"false\"><use href=\"#icon-pp-x\" xlink:href=\"#icon-pp-x\"><\/use><\/svg><\/span><\/button><div class=\"episode-single__wrapper\"><div class=\"episode-single__header\"><div class=\"episode-single__title\">05 Astronomie #LPDLurnes<\/div><div class=\"episode-single__author\"><span class=\"byname\">by<\/span><span class=\"single-author\">Les pieds dans le plateau<\/span><\/div><\/div><div class=\"episode-single__description\"><p>\u00ab Les extraterrestres existent-ils ? \u00bb<\/p><\/div><\/div><div class=\"ppjs__img-wrapper \"><div class=\"ppjs__img-btn-cover\"><img decoding=\"async\" class=\"ppjs__img-btn\" src=\"https:\/\/lespiedsdansleplateau.fr\/wp-content\/uploads\/2026\/03\/origin_272050_9HlPh-768x512.png\" srcset=\"https:\/\/lespiedsdansleplateau.fr\/wp-content\/uploads\/2026\/03\/origin_272050_9HlPh-768x512.png 768w, https:\/\/lespiedsdansleplateau.fr\/wp-content\/uploads\/2026\/03\/origin_272050_9HlPh-300x200.png 300w, https:\/\/lespiedsdansleplateau.fr\/wp-content\/uploads\/2026\/03\/origin_272050_9HlPh-1024x683.png 1024w, https:\/\/lespiedsdansleplateau.fr\/wp-content\/uploads\/2026\/03\/origin_272050_9HlPh.png 1280w\" sizes=\"(max-width: 640px) 100vw, 300px\" alt=\"05 Astronomie #LPDLurnes\"><\/div><div><span class=\"ppjs__img-btn-style\" style=\"display: block; width: 100%; padding-top: 66.71875%\"><\/div><\/div><\/div><\/div><div class=\"pod-content__list episode-list\"><div class=\"episode-list__filters\"><div class=\"episode-list__search\"><label class=\"label-episode-search\"><span class=\"ppjs__offscreen\">Search Episodes<\/span><input type=\"text\" placeholder=\"Search Episodes\" title=\"Search Podcast Episodes\"\/><\/label><span class=\"episode-list__search-icon\"><svg class=\"icon icon-pp-search\" aria-hidden=\"true\" role=\"img\" focusable=\"false\"><use href=\"#icon-pp-search\" xlink:href=\"#icon-pp-search\"><\/use><\/svg><\/span><\/div><button class=\"episode-list__clear-search pod-button\"><svg class=\"icon icon-pp-x\" aria-hidden=\"true\" role=\"img\" focusable=\"false\"><use href=\"#icon-pp-x\" xlink:href=\"#icon-pp-x\"><\/use><\/svg><span class=\"ppjs__offscreen\">Clear Search<\/span><\/button><\/div><div class=\"episode-list__wrapper\">\n<div id=\"ppe-7823-1\" class=\"episode-list__entry pod-entry\" data-search-term=\"05 astronomie #lpdlurnes\" data-cats=\"\">\n\t<div class=\"pod-entry__wrapper\">\n\t\t<div class=\"pod-entry__content\">\n\t\t\t<div class=\"pod-entry__title\">\n\t\t\t\t<a href=\"https:\/\/audioblog.arteradio.com\/blog\/196960\/podcast\/272050\">05 Astronomie #LPDLurnes<\/a>\n\t\t\t<\/div>\n\t\t\t<div class=\"pod-entry__date\">27 mars 2026<\/div>\n\t\t\t\t\t\t\t<div class=\"pod-entry__author\">Les pieds dans le plateau<\/div>\n\t\t\t\t\t<\/div>\n\t<\/div>\n<\/div>\n\n<div id=\"ppe-7823-2\" class=\"episode-list__entry pod-entry\" data-search-term=\"14 astronomie solstice d&rsquo;hiver #lpdlanniv\" data-cats=\"\">\n\t<div class=\"pod-entry__wrapper\">\n\t\t<div class=\"pod-entry__content\">\n\t\t\t<div class=\"pod-entry__title\">\n\t\t\t\t<a href=\"https:\/\/audioblog.arteradio.com\/blog\/196960\/podcast\/267222\">14 astronomie solstice d&rsquo;hiver #LPDLanniv<\/a>\n\t\t\t<\/div>\n\t\t\t<div class=\"pod-entry__date\">21 janvier 2026<\/div>\n\t\t\t\t\t\t\t<div class=\"pod-entry__author\">Les pieds dans le plateau<\/div>\n\t\t\t\t\t<\/div>\n\t<\/div>\n<\/div>\n\n<div id=\"ppe-7823-3\" class=\"episode-list__entry pod-entry\" data-search-term=\"03 astronomie : qu&rsquo;est-ce que l&rsquo;\u00e9quinoxe #lpdlequinoxe\" data-cats=\"\">\n\t<div class=\"pod-entry__wrapper\">\n\t\t<div class=\"pod-entry__content\">\n\t\t\t<div class=\"pod-entry__title\">\n\t\t\t\t<a href=\"https:\/\/audioblog.arteradio.com\/blog\/196960\/podcast\/260103\">03 astronomie : qu&rsquo;est-ce que l&rsquo;\u00e9quinoxe #LPDLequinoxe<\/a>\n\t\t\t<\/div>\n\t\t\t<div class=\"pod-entry__date\">23 septembre 2025<\/div>\n\t\t\t\t\t\t\t<div class=\"pod-entry__author\">Les pieds dans le plateau<\/div>\n\t\t\t\t\t<\/div>\n\t<\/div>\n<\/div>\n\n<div id=\"ppe-7823-4\" class=\"episode-list__entry pod-entry\" data-search-term=\"astronomie : les exoplan\u00e8tes lpdtmere\" data-cats=\"\">\n\t<div class=\"pod-entry__wrapper\">\n\t\t<div class=\"pod-entry__content\">\n\t\t\t<div class=\"pod-entry__title\">\n\t\t\t\t<a href=\"https:\/\/audioblog.arteradio.com\/blog\/196960\/podcast\/254285\">Astronomie : les exoplan\u00e8tes LPDTMere<\/a>\n\t\t\t<\/div>\n\t\t\t<div class=\"pod-entry__date\">3 juin 2025<\/div>\n\t\t\t\t\t\t\t<div class=\"pod-entry__author\">Les pieds dans le plateau<\/div>\n\t\t\t\t\t<\/div>\n\t<\/div>\n<\/div>\n\n<div id=\"ppe-7823-5\" class=\"episode-list__entry pod-entry\" data-search-term=\"astronomie et mythologie\" data-cats=\"\">\n\t<div class=\"pod-entry__wrapper\">\n\t\t<div class=\"pod-entry__content\">\n\t\t\t<div class=\"pod-entry__title\">\n\t\t\t\t<a href=\"https:\/\/audioblog.arteradio.com\/blog\/196960\/podcast\/246742\">Astronomie et Mythologie<\/a>\n\t\t\t<\/div>\n\t\t\t<div class=\"pod-entry__date\">13 mars 2025<\/div>\n\t\t\t\t\t\t\t<div class=\"pod-entry__author\">Les pieds dans le plateau<\/div>\n\t\t\t\t\t<\/div>\n\t<\/div>\n<\/div>\n\n<div id=\"ppe-7823-6\" class=\"episode-list__entry pod-entry\" data-search-term=\"astronomie vs. astrologie\" data-cats=\"\">\n\t<div class=\"pod-entry__wrapper\">\n\t\t<div class=\"pod-entry__content\">\n\t\t\t<div class=\"pod-entry__title\">\n\t\t\t\t<a href=\"https:\/\/audioblog.arteradio.com\/blog\/196960\/podcast\/244710\">Astronomie vs. Astrologie<\/a>\n\t\t\t<\/div>\n\t\t\t<div class=\"pod-entry__date\">13 f\u00e9vrier 2025<\/div>\n\t\t\t\t\t\t\t<div class=\"pod-entry__author\">Les pieds dans le plateau<\/div>\n\t\t\t\t\t<\/div>\n\t<\/div>\n<\/div>\n\n<div id=\"ppe-7823-7\" class=\"episode-list__entry pod-entry\" data-search-term=\"astronomie : la mort du soleil\" data-cats=\"\">\n\t<div class=\"pod-entry__wrapper\">\n\t\t<div class=\"pod-entry__content\">\n\t\t\t<div class=\"pod-entry__title\">\n\t\t\t\t<a href=\"https:\/\/audioblog.arteradio.com\/blog\/196960\/podcast\/242626\">Astronomie : la mort du soleil<\/a>\n\t\t\t<\/div>\n\t\t\t<div class=\"pod-entry__date\">13 janvier 2025<\/div>\n\t\t\t\t\t\t\t<div class=\"pod-entry__author\">Les pieds dans le plateau<\/div>\n\t\t\t\t\t<\/div>\n\t<\/div>\n<\/div>\n\n<div id=\"ppe-7823-8\" class=\"episode-list__entry pod-entry\" data-search-term=\"astronomie : eau et syst\u00e8me solaire\" data-cats=\"\">\n\t<div class=\"pod-entry__wrapper\">\n\t\t<div class=\"pod-entry__content\">\n\t\t\t<div class=\"pod-entry__title\">\n\t\t\t\t<a href=\"https:\/\/audioblog.arteradio.com\/blog\/196960\/podcast\/239979\">Astronomie : Eau et syst\u00e8me solaire<\/a>\n\t\t\t<\/div>\n\t\t\t<div class=\"pod-entry__date\">3 d\u00e9cembre 2024<\/div>\n\t\t\t\t\t\t\t<div class=\"pod-entry__author\">Les pieds dans le plateau<\/div>\n\t\t\t\t\t<\/div>\n\t<\/div>\n<\/div>\n<div class=\"episode-list__search-results episode-search\"><span class=\"ppjs__offscreen\">Search Results placeholder<\/span><\/div><\/div><\/div><div class=\"ppjs__list-reveal\"><div class=\"ppjs__button\"><button class=\"pp-prev-btn\"><span class=\"ppjs__offscreen\">Previous Episode<\/span><span class=\"btn-icon-wrap\"><svg class=\"icon icon-pp-previous\" aria-hidden=\"true\" role=\"img\" focusable=\"false\"><use href=\"#icon-pp-previous\" xlink:href=\"#icon-pp-previous\"><\/use><\/svg><\/span><\/button><\/div><div class=\"ppjs__button\"><button class=\"pp-list-btn\"><span class=\"ppjs__offscreen\">Show Episodes List<\/span><span class=\"btn-icon-wrap\"><svg class=\"icon icon-pp-show-list\" aria-hidden=\"true\" role=\"img\" focusable=\"false\"><use href=\"#icon-pp-show-list\" xlink:href=\"#icon-pp-show-list\"><\/use><\/svg><svg class=\"icon icon-pp-hide-list\" aria-hidden=\"true\" role=\"img\" focusable=\"false\"><use href=\"#icon-pp-hide-list\" xlink:href=\"#icon-pp-hide-list\"><\/use><\/svg><\/span><\/button><\/div><div class=\"ppjs__button\"><button class=\"pp-next-btn\"><span class=\"ppjs__offscreen\">Next Episode<\/span><span class=\"btn-icon-wrap\"><svg class=\"icon icon-pp-next\" aria-hidden=\"true\" role=\"img\" focusable=\"false\"><use href=\"#icon-pp-next\" xlink:href=\"#icon-pp-next\"><\/use><\/svg><\/span><\/button><\/div><\/div><\/div><\/div><div class=\"pod-content__launcher pod-launch\"><button class=\"pod-launch__button pod-launch__info pod-button\" aria-expanded=\"false\"><span class=\"ppjs__offscreen\">Show Podcast Information<\/span><span class=\"btn-icon-wrap\"><svg class=\"icon icon-pp-podcast\" aria-hidden=\"true\" role=\"img\" focusable=\"false\"><use href=\"#icon-pp-podcast\" xlink:href=\"#icon-pp-podcast\"><\/use><\/svg><svg class=\"icon icon-pp-x\" aria-hidden=\"true\" role=\"img\" focusable=\"false\"><use href=\"#icon-pp-x\" xlink:href=\"#icon-pp-x\"><\/use><\/svg><\/span><\/button><\/div><\/div>\n","protected":false},"excerpt":{"rendered":"","protected":false},"author":1,"featured_media":0,"parent":0,"menu_order":0,"comment_status":"closed","ping_status":"closed","template":"","meta":{"footnotes":""},"class_list":["post-608","page","type-page","status-publish","hentry"],"_links":{"self":[{"href":"https:\/\/lespiedsdansleplateau.fr\/index.php\/wp-json\/wp\/v2\/pages\/608","targetHints":{"allow":["GET"]}}],"collection":[{"href":"https:\/\/lespiedsdansleplateau.fr\/index.php\/wp-json\/wp\/v2\/pages"}],"about":[{"href":"https:\/\/lespiedsdansleplateau.fr\/index.php\/wp-json\/wp\/v2\/types\/page"}],"author":[{"embeddable":true,"href":"https:\/\/lespiedsdansleplateau.fr\/index.php\/wp-json\/wp\/v2\/users\/1"}],"replies":[{"embeddable":true,"href":"https:\/\/lespiedsdansleplateau.fr\/index.php\/wp-json\/wp\/v2\/comments?post=608"}],"version-history":[{"count":1,"href":"https:\/\/lespiedsdansleplateau.fr\/index.php\/wp-json\/wp\/v2\/pages\/608\/revisions"}],"predecessor-version":[{"id":609,"href":"https:\/\/lespiedsdansleplateau.fr\/index.php\/wp-json\/wp\/v2\/pages\/608\/revisions\/609"}],"wp:attachment":[{"href":"https:\/\/lespiedsdansleplateau.fr\/index.php\/wp-json\/wp\/v2\/media?parent=608"}],"curies":[{"name":"wp","href":"https:\/\/api.w.org\/{rel}","templated":true}]}}