{"id":611,"date":"2025-06-25T17:08:17","date_gmt":"2025-06-25T15:08:17","guid":{"rendered":"https:\/\/lespiedsdansleplateau.fr\/?page_id=611"},"modified":"2025-06-25T21:54:38","modified_gmt":"2025-06-25T19:54:38","slug":"palestine","status":"publish","type":"page","link":"https:\/\/lespiedsdansleplateau.fr\/index.php\/palestine\/","title":{"rendered":"Que vive la Palestine"},"content":{"rendered":"\t\t\t<style type=\"text\/css\"><\/style>\n\t\t\t<div id=\"pp-podcast-8290\" class=\"pp-podcast has-header header-hidden has-featured playerview media-audio\"  data-teaser=\"\" data-elength=\"18\" data-eunit=\"\" data-ppsdata=\"{&quot;ppe-8290-1&quot;:{&quot;title&quot;:&quot;02 Que vive la Palestine #LPDLurnes&quot;,&quot;description&quot;:&quot;&lt;p&gt;Que vive la Palestine, MarineMarine \\u00e9pisode1: https:\\\/\\\/www.radiofrance.fr\\\/franceculture\\\/podcasts\\\/les-pieds-sur-terre\\\/les-pieds-sur-terre-emission-du-mardi-25-novembre-2025-7921572 + https:\\\/\\\/www.telerama.fr\\\/radio\\\/deces-de-la-journaliste-marine-vlahovic-le-c-ur-en-plus-de-la-rigueur-7023220.php + https:\\\/\\\/www.mediapart.fr\\\/journal\\\/dossier\\\/international\\\/du-conflit-israelo-palestinien-au-conflit-israelo-israelien + https:\\\/\\\/www.mediapart.fr\\\/journal\\\/international\\\/071223\\\/gaza-le-camp-de-jabalia-bastion-du-hamas-devenu-mer-de-sang + Emission C&rsquo;Ce soir https:\\\/\\\/www.youtube.com\\\/watch?v=hi6NdYB1Eio + https:\\\/\\\/orientxxi.info\\\/7809,7809 + Interview Arte https:\\\/\\\/www.youtube.com watchv=DKhQ47eFCXg&amp;t=1890s + https:\\\/\\\/www.laprovence.com\\\/article\\\/faits-divers-justice\\\/1217331181543315\\\/mort-de-la-journaliste-marine-vlahovic-la-piste-criminelle-semble-devoir-etre-ecartee + https:\\\/\\\/fr.wikipedia.org\\\/wiki\\\/Marine_Vlahovic + https:\\\/\\\/www.arteradio.com\\\/serie\\\/carnets-de-correspondante + https:\\\/\\\/www.arteradio.com\\\/son\\\/carnets-de-correspondante-6-6-gaza-calling + https:\\\/\\\/www.arteradio.com\\\/son\\\/la-derniere-classe + https:\\\/\\\/www.arteradio.com\\\/son\\\/le-souffle-de-beyrouth + Voix pour la Palestine: https:\\\/\\\/www.youtube.com\\\/watch?v=LJBbigadCK4&amp;list=RDLJBbigadCK4&amp;start_radio=1 + Dylan Vlahovic, Palestina, https:\\\/\\\/www.youtube.com\\\/watch?v=WW87-J63chw&amp;list=RDWW87-J63chw&amp;start_radio=1&lt;\\\/p&gt;\\n&quot;,&quot;author&quot;:&quot;Les pieds dans le plateau&quot;,&quot;date&quot;:&quot;26 mars 2026&quot;,&quot;link&quot;:&quot;https:\\\/\\\/audioblog.arteradio.com\\\/blog\\\/196960\\\/podcast\\\/272022&quot;,&quot;src&quot;:&quot;https:\\\/\\\/back-audioblog.arteradio.com\\\/sites\\\/default\\\/files\\\/audios\\\/origin_podcast_272022_vNmS9.mp3&quot;,&quot;featured&quot;:&quot;https:\\\/\\\/lespiedsdansleplateau.fr\\\/wp-content\\\/uploads\\\/2026\\\/03\\\/origin_272022_vO2Mp-768x512.png&quot;,&quot;featured_id&quot;:862,&quot;mediatype&quot;:&quot;audio&quot;,&quot;season&quot;:0,&quot;categories&quot;:[],&quot;duration&quot;:&quot;28:53&quot;,&quot;episodetype&quot;:&quot;full&quot;,&quot;timestamp&quot;:1774550044,&quot;key&quot;:&quot;0c68eb68ffe2b658d278813632d44f3c&quot;,&quot;fset&quot;:&quot;https:\\\/\\\/lespiedsdansleplateau.fr\\\/wp-content\\\/uploads\\\/2026\\\/03\\\/origin_272022_vO2Mp-768x512.png 768w, https:\\\/\\\/lespiedsdansleplateau.fr\\\/wp-content\\\/uploads\\\/2026\\\/03\\\/origin_272022_vO2Mp-300x200.png 300w, https:\\\/\\\/lespiedsdansleplateau.fr\\\/wp-content\\\/uploads\\\/2026\\\/03\\\/origin_272022_vO2Mp-1024x683.png 1024w, https:\\\/\\\/lespiedsdansleplateau.fr\\\/wp-content\\\/uploads\\\/2026\\\/03\\\/origin_272022_vO2Mp.png 1280w&quot;,&quot;fratio&quot;:0.6671875},&quot;ppe-8290-2&quot;:{&quot;title&quot;:&quot;12_Que vive la Palestine_#LPDLamour&quot;,&quot;description&quot;:&quot;&lt;p&gt;Point Actu sur la Palestine &#8211; Gaza, CisjordanieLiens: https:\\\/\\\/www.middleeastmonitor.com\\\/category\\\/news-2\\\/https:\\\/\\\/www.mediapart.fr\\\/journal\\\/fil-dactualites\\\/130226\\\/hommage-ilan-halimi-macron-prone-des-peines-plus-lourdes-contre-l-hydre-antisemitehttps:\\\/\\\/www.youtube.com\\\/watch?v=T4AWxj9TzaI&amp;list=RDNST4AWxj9TzaI&amp;start_radio=1https:\\\/\\\/www.youtube.com\\\/watch?v=CClBvRzxrCI&amp;list=RDNST4AWxj9TzaI&amp;index=5https:\\\/\\\/www.france-palestine.org\\\/Une-continuite-repressive-contre-le-mouvement-de-solidarite-avec-la-Palestine&lt;\\\/p&gt;\\n&quot;,&quot;author&quot;:&quot;Les pieds dans le plateau&quot;,&quot;date&quot;:&quot;21 f\\u00e9vrier 2026&quot;,&quot;link&quot;:&quot;https:\\\/\\\/audioblog.arteradio.com\\\/blog\\\/196960\\\/podcast\\\/269467&quot;,&quot;src&quot;:&quot;https:\\\/\\\/sons-audioblogs.arte.tv\\\/audioblogs\\\/v2\\\/sons\\\/196960\\\/269467\\\/podcast_269467_lF9Cl.mp3&quot;,&quot;featured&quot;:&quot;https:\\\/\\\/lespiedsdansleplateau.fr\\\/wp-content\\\/uploads\\\/2026\\\/02\\\/origin_269467_tW9E5-768x512.jpeg&quot;,&quot;featured_id&quot;:837,&quot;mediatype&quot;:&quot;audio&quot;,&quot;season&quot;:0,&quot;categories&quot;:[],&quot;duration&quot;:&quot;33:51&quot;,&quot;episodetype&quot;:&quot;full&quot;,&quot;timestamp&quot;:1771686154,&quot;key&quot;:&quot;e3921c4b835671d92fe7177c8876cadc&quot;,&quot;fset&quot;:&quot;https:\\\/\\\/lespiedsdansleplateau.fr\\\/wp-content\\\/uploads\\\/2026\\\/02\\\/origin_269467_tW9E5-768x512.jpeg 768w, https:\\\/\\\/lespiedsdansleplateau.fr\\\/wp-content\\\/uploads\\\/2026\\\/02\\\/origin_269467_tW9E5-300x200.jpeg 300w, https:\\\/\\\/lespiedsdansleplateau.fr\\\/wp-content\\\/uploads\\\/2026\\\/02\\\/origin_269467_tW9E5-1024x682.jpeg 1024w, https:\\\/\\\/lespiedsdansleplateau.fr\\\/wp-content\\\/uploads\\\/2026\\\/02\\\/origin_269467_tW9E5.jpeg 1280w&quot;,&quot;fratio&quot;:0.6671875},&quot;ppe-8290-3&quot;:{&quot;title&quot;:&quot;07 Que vive la Palestine #LPDLanniv&quot;,&quot;description&quot;:&quot;&lt;p&gt;collectifpalestine-bugeysud@pm.me https:\\\/\\\/eci.ec.europa.eu\\\/055\\\/public\\\/#\\\/screen\\\/home https:\\\/\\\/www.chroniquepalestine.com\\\/pas-de-cessez-le-feu-a-gaza-pour-simple-raison-jamais-eu-de-guerre\\\/ https:\\\/\\\/agencemediapalestine.fr\\\/blog\\\/2026\\\/01\\\/13\\\/gaza-jour-829-cinq-enfants-sont-morts-de-froid-depuis-samedi-a-gaza\\\/ https:\\\/\\\/orientxxi.info\\\/israel-et-la-nakba-de-la-reconnaissance-au-deni,2399 https:\\\/\\\/thousandmadleens.fr\\\/ https:\\\/\\\/www.msf.fr\\\/gaza-nos-reponses-a-vos-questions https:\\\/\\\/www.chroniquepalestine.com\\\/entreprises-financieres-ue-alimentent-genocide-israelien-gaza\\\/ https:\\\/\\\/www.france-palestine.org\\\/Petition-Sauvez-les-militant-es-pour-la-Palestine-en-greve-de-la-faim-au https:\\\/\\\/www.france-palestine.org\\\/Petition-FIFA-Sauvez-notre-terrain-de-football https:\\\/\\\/europalestine.com\\\/2026\\\/01\\\/15\\\/questions-a-caroline-yadan-qui-se-pretend-soucieuse-du-sort-des-juifs\\\/ Ecrire \\u00e0 nos d\\u00e9put\\u00e9s, formulaire pr\\u00e9 rempli, rapide: https:\\\/\\\/www.france-palestine.org\\\/Appel-a-action-Non-a-la-proposition-de-loi-criminalisant-la-critique-d-Israel https:\\\/\\\/www.humanite.fr\\\/monde\\\/bande-de-gaza\\\/genocide-a-gaza-plus-de-100-enfants-tues-par-larmee-israelienne-depuis-le-cessez-le-feu-alerte-lunicef https:\\\/\\\/www.mediapart.fr\\\/journal\\\/international\\\/020126\\\/en-bannissant-des-ong-de-la-bande-de-gaza-israel-viole-le-droit-international-humanitaire https:\\\/\\\/plateforme-palestine.org\\\/ https:\\\/\\\/collectif69palestine.fr\\\/2025\\\/12\\\/agenda-janvier-2026\\\/ https:\\\/\\\/french.wafa.ps\\\/ https:\\\/\\\/www.radio-gresivaudan.org\\\/archive_sonore\\\/solidarite-palestine-21-emission-du-lundi-12-janvier-2026-emission-speciale-en-presence-de-najet-et-abla-qui-oeuvrent-au-sein-de-la-  maison-chaleureuse-du-camp-de-refugies-d\\\/ https:\\\/\\\/viralmag.fr\\\/chasses-par-la-violence-des-colons-le-drame-des-bedouins-de-ras-ein-al-auja\\\/ https:\\\/\\\/orientxxi.info\\\/Gaza-Le-conseil-de-securite-de-l-ONU-contre-le-droit-international https:\\\/\\\/www.france-palestine.org\\\/Le-projet-de-loi-de-la-Knesset-sur-la-peine-de-mort-pour-les-terroristes-impose&lt;\\\/p&gt;\\n&quot;,&quot;author&quot;:&quot;Les pieds dans le plateau&quot;,&quot;date&quot;:&quot;21 janvier 2026&quot;,&quot;link&quot;:&quot;https:\\\/\\\/audioblog.arteradio.com\\\/blog\\\/196960\\\/podcast\\\/267215&quot;,&quot;src&quot;:&quot;https:\\\/\\\/sons-audioblogs.arte.tv\\\/audioblogs\\\/v2\\\/sons\\\/196960\\\/267215\\\/podcast_267215_6C8Xd.mp3&quot;,&quot;featured&quot;:&quot;https:\\\/\\\/lespiedsdansleplateau.fr\\\/wp-content\\\/uploads\\\/2026\\\/01\\\/origin_267215_jOb1c.jpeg&quot;,&quot;featured_id&quot;:817,&quot;mediatype&quot;:&quot;audio&quot;,&quot;season&quot;:0,&quot;categories&quot;:[],&quot;duration&quot;:&quot;31:44&quot;,&quot;episodetype&quot;:&quot;full&quot;,&quot;timestamp&quot;:1768988715,&quot;key&quot;:&quot;0a18aa8be6f0ef8f8251f311186d1e16&quot;,&quot;fset&quot;:&quot;https:\\\/\\\/lespiedsdansleplateau.fr\\\/wp-content\\\/uploads\\\/2026\\\/01\\\/origin_267215_jOb1c.jpeg 707w, https:\\\/\\\/lespiedsdansleplateau.fr\\\/wp-content\\\/uploads\\\/2026\\\/01\\\/origin_267215_jOb1c-207x300.jpeg 207w&quot;,&quot;fratio&quot;:1.4484375},&quot;ppe-8290-4&quot;:{&quot;title&quot;:&quot;Et que vive la Palestine n\\u00b03 LPDTMere&quot;,&quot;description&quot;:&quot;&lt;p&gt;L&rsquo;actualit\\u00e9 en Palestine.Quelques liens :https:\\\/\\\/www.middleeasteye.net\\\/\\u200chttps:\\\/\\\/jurdi.fr\\\/\\u200c\\u200chttps:\\\/\\\/ujfp.org\\\/\\u200chttps:\\\/\\\/tsedek.fr\\\/\\u200c\\u200c\\u200chttps:\\\/\\\/www.france-palestine.org\\\/\\u200chttps:\\\/\\\/europalestine.com\\\/2024\\\/02\\\/06\\\/retour-de-lenfer-les-medecins-de-palmed-temoignent-photos-video\\\/&lt;\\\/p&gt;\\n&quot;,&quot;author&quot;:&quot;Les pieds dans le plateau&quot;,&quot;date&quot;:&quot;2 juin 2025&quot;,&quot;link&quot;:&quot;https:\\\/\\\/audioblog.arteradio.com\\\/blog\\\/196960\\\/podcast\\\/254136&quot;,&quot;src&quot;:&quot;https:\\\/\\\/sons-audioblogs.arte.tv\\\/audioblogs\\\/v2\\\/sons\\\/196960\\\/254136\\\/podcast_254136_61aDn.mp3&quot;,&quot;featured&quot;:&quot;https:\\\/\\\/lespiedsdansleplateau.fr\\\/wp-content\\\/uploads\\\/2025\\\/06\\\/origin_254136_p1xZ9.png&quot;,&quot;featured_id&quot;:610,&quot;mediatype&quot;:&quot;audio&quot;,&quot;season&quot;:0,&quot;categories&quot;:[],&quot;duration&quot;:&quot;51:13&quot;,&quot;episodetype&quot;:&quot;full&quot;,&quot;timestamp&quot;:1748896391,&quot;key&quot;:&quot;1d45c0f471702e15f7f0589c0b2dae51&quot;,&quot;fset&quot;:&quot;https:\\\/\\\/lespiedsdansleplateau.fr\\\/wp-content\\\/uploads\\\/2025\\\/06\\\/origin_254136_p1xZ9.png 404w, https:\\\/\\\/lespiedsdansleplateau.fr\\\/wp-content\\\/uploads\\\/2025\\\/06\\\/origin_254136_p1xZ9-300x276.png 300w&quot;,&quot;fratio&quot;:0.9207920792079208},&quot;ppe-8290-5&quot;:{&quot;title&quot;:&quot;Et que vive la Palestine !#2&quot;,&quot;description&quot;:&quot;&lt;p&gt;Le Droit de travers&#8230;.- Archive conf\\u00e9rence de presse du g\\u00e9n\\u00e9ral De Gaulle 27\\\/11\\\/1967 https:\\\/\\\/www.youtube.com\\\/watch?v=25hAYHwboFk&amp;t=1567sLeve Palestina, vive la Palestine https:\\\/\\\/www.youtube.com\\\/watch?v=xLU4THkuIsM&lt;\\\/p&gt;\\n&quot;,&quot;author&quot;:&quot;Les pieds dans le plateau&quot;,&quot;date&quot;:&quot;12 mars 2024&quot;,&quot;link&quot;:&quot;https:\\\/\\\/audioblog.arteradio.com\\\/blog\\\/196960\\\/podcast\\\/223685&quot;,&quot;src&quot;:&quot;https:\\\/\\\/sons-audioblogs.arte.tv\\\/audioblogs\\\/v2\\\/sons\\\/196960\\\/223685\\\/podcast_223685_x49Tk.mp3&quot;,&quot;featured&quot;:&quot;https:\\\/\\\/sons-audioblogs.arte.tv\\\/audioblogs\\\/v2\\\/sons\\\/196960\\\/223685\\\/origin_223685_74jTw.jpeg&quot;,&quot;featured_id&quot;:0,&quot;mediatype&quot;:&quot;audio&quot;,&quot;season&quot;:0,&quot;categories&quot;:[],&quot;duration&quot;:&quot;37:03&quot;,&quot;episodetype&quot;:&quot;full&quot;,&quot;timestamp&quot;:1710284154,&quot;key&quot;:&quot;3a1817085ded990ef3e1f9fa2a314314&quot;,&quot;fset&quot;:&quot;&quot;,&quot;fratio&quot;:1},&quot;ppe-8290-6&quot;:{&quot;title&quot;:&quot;Et que vive la Palestine&quot;,&quot;description&quot;:&quot;&lt;p&gt;L\\u2019id\\u00e9e de l\\u2019\\u00e9mission est de parler de la Palestine, en portant un regard autre sur son peuple, que celui dramatique de l\\u2019actualit\\u00e9: celui de la culture, musicale entre-autre.Ce qui prime pour les artistes palestiniens, c\\u2019est la volont\\u00e9 de sortir de l\\u2019univers d\\u00e9sesp\\u00e9rant de la r\\u00e9alit\\u00e9. On trouve dans toutes leurs cr\\u00e9ations, des accents de protestations, de r\\u00e9volte, de joie, d\\u2019amour, d\\u2019attachement \\u00e0 la terre palestinienne, d\\u2019espoir de justice et de paix. Du rap \\u00e0 la musique classique en passant par la techno et la chanson traditionnelle, de nombreux artistes, femme et hommes, r\\u00e9ussissent \\u00e0 percer sur la sc\\u00e8ne internationale.Prendre le temps de pr\\u00e9senter chacun- chacune avant son titre, est une fa\\u00e7on de leur rendre hommage, de montrer qu\\u2019elles et ils ont une existence, dans cette p\\u00e9riode o\\u00f9 la vie devient trop fragile.\\u200c1- MC Abdul, de son vrai nom Abdel Rahman Al-Shantti  \\u00ab shouting at the wall \\u00bb, en hurlant contre le mur)2- DAM, acronyme de Da Arabian MC&rsquo;s \\u00ab\\u00a0Dathiruni\\u00a0\\u00bb3-Sama&rsquo; Abdulhadi, the Palestine\\u2019s techno queen . Extrait d&rsquo;un set jou\\u00e9 en Palestine, 2018 4- Mohammad Assaf \\u00ab Ya Halali Ya Mali \\u00bb  (mes richesses sont \\u00e0 moi)4- Mohammad Assaf \\u00ab Ya Halali Ya Mali \\u00bb  (mes richesses sont \\u00e0 moi)5- Le Trio Joubran accompagne la voix de Mahmoud Darwich, \\u00ab l\\u2019art d\\u2019aimer \\u00bb&lt;\\\/p&gt;\\n&quot;,&quot;author&quot;:&quot;Les pieds dans le plateau&quot;,&quot;date&quot;:&quot;14 janvier 2024&quot;,&quot;link&quot;:&quot;https:\\\/\\\/audioblog.arteradio.com\\\/blog\\\/196960\\\/podcast\\\/219350&quot;,&quot;src&quot;:&quot;https:\\\/\\\/sons-audioblogs.arte.tv\\\/audioblogs\\\/v2\\\/sons\\\/196960\\\/219350\\\/podcast_219350_eTzAy.mp3&quot;,&quot;featured&quot;:&quot;https:\\\/\\\/sons-audioblogs.arte.tv\\\/audioblogs\\\/v2\\\/sons\\\/196960\\\/219350\\\/origin_219350_7Vo0r.jpeg&quot;,&quot;featured_id&quot;:0,&quot;mediatype&quot;:&quot;audio&quot;,&quot;season&quot;:0,&quot;categories&quot;:[],&quot;duration&quot;:&quot;31:37&quot;,&quot;episodetype&quot;:&quot;full&quot;,&quot;timestamp&quot;:1705249564,&quot;key&quot;:&quot;4a703d7b84c79a989abfb5cae2eea64e&quot;,&quot;fset&quot;:&quot;&quot;,&quot;fratio&quot;:1},&quot;load_info&quot;:{&quot;loaded&quot;:6,&quot;displayed&quot;:10,&quot;offset&quot;:0,&quot;maxItems&quot;:6,&quot;src&quot;:&quot;d7c8cb3190147f282d8c01e1cee58f3d&quot;,&quot;step&quot;:10,&quot;sortby&quot;:&quot;sort_date_desc&quot;,&quot;filterby&quot;:&quot;vive la palestine&quot;,&quot;fixed&quot;:&quot;&quot;,&quot;args&quot;:{&quot;imgurl&quot;:&quot;https:\\\/\\\/back-audioblog.arteradio.com\\\/sites\\\/default\\\/files\\\/pictures\\\/origin_196960_g5wBj.jpg&quot;,&quot;imgset&quot;:&quot;&quot;,&quot;display&quot;:&quot;&quot;,&quot;hddesc&quot;:0,&quot;hdfeat&quot;:0,&quot;oricov&quot;:&quot;https:\\\/\\\/back-audioblog.arteradio.com\\\/sites\\\/default\\\/files\\\/pictures\\\/origin_196960_g5wBj.jpg&quot;,&quot;elength&quot;:18}},&quot;rdata&quot;:{&quot;permalink&quot;:&quot;https:\\\/\\\/lespiedsdansleplateau.fr\\\/wp-json\\\/wp\\\/v2\\\/pages\\\/611&quot;,&quot;fprint&quot;:&quot;d7c8cb3190147f282d8c01e1cee58f3d&quot;,&quot;from&quot;:&quot;feedurl&quot;,&quot;elen&quot;:18,&quot;eunit&quot;:&quot;&quot;,&quot;teaser&quot;:&quot;&quot;,&quot;title&quot;:&quot;Les pieds dans le plateau&quot;,&quot;autoplay&quot;:&quot;autoplay&quot;}}\"><div class=\"pp-podcast__wrapper\"><div class=\"pp-podcast__info pod-info\"><div class=\"pod-info__header pod-header\"><div class=\"pod-header__image\"><div class=\"pod-header__image-wrapper\"><img decoding=\"async\" class=\"podcast-cover-image\" src=\"https:\/\/back-audioblog.arteradio.com\/sites\/default\/files\/pictures\/origin_196960_g5wBj.jpg\" srcset=\"\" sizes=\"(max-width: 640px) 100vw, 25vw\" alt=\"Les pieds dans le plateau\"><\/div><span class=\"pod-header__image-style\" style=\"display: block; width: 100%; padding-top: 100%\"><\/div><div class=\"pod-header__items pod-items\"><div class=\"pod-items__title\">Les pieds dans le plateau<\/div><div class=\"pod-items__desc\"><p>Et si on faisait de la radio ?Une vingtaine de personnes ont d\u00e9cid\u00e9 de cr\u00e9er une radio associative et libre dans le Bugey. Suivez leurs p\u00e9r\u00e9grinations radiophoniques !<\/p>\n<\/div><\/div><\/div><\/div><div class=\"pp-podcast__content pod-content\"><div class=\"pp-podcast__single\"><div class=\"pp-podcast__player\"><div class=\"pp-player-episode\"><audio id=\"pp-podcast-8290-player\" preload=\"none\" class=\"pp-podcast-episode\" style=\"width: 100%;\" controls=\"controls\"><source type=\"audio\/mpeg\" src=\"https:\/\/back-audioblog.arteradio.com\/sites\/default\/files\/audios\/origin_podcast_272022_vNmS9.mp3\" \/><\/audio><\/div><\/div><div class=\"pod-content__episode episode-single\"><button class=\"episode-single__close\" aria-expanded=\"false\" aria-label=\"Close Single Episode\"><span class=\"btn-icon-wrap\"><svg class=\"icon icon-pp-x\" aria-hidden=\"true\" role=\"img\" focusable=\"false\"><use href=\"#icon-pp-x\" xlink:href=\"#icon-pp-x\"><\/use><\/svg><\/span><\/button><div class=\"episode-single__wrapper\"><div class=\"episode-single__header\"><div class=\"episode-single__title\">02 Que vive la Palestine #LPDLurnes<\/div><div class=\"episode-single__author\"><span class=\"byname\">by<\/span><span class=\"single-author\">Les pieds dans le plateau<\/span><\/div><\/div><div class=\"episode-single__description\"><p>Que vive la Palestine, MarineMarine \u00e9pisode1: https:\/\/www.radiofrance.fr\/franceculture\/podcasts\/les-pieds-sur-terre\/les-pieds-sur-terre-emission-du-mardi-25-novembre-2025-7921572 + https:\/\/www.telerama.fr\/radio\/deces-de-la-journaliste-marine-vlahovic-le-c-ur-en-plus-de-la-rigueur-7023220.php + https:\/\/www.mediapart.fr\/journal\/dossier\/international\/du-conflit-israelo-palestinien-au-conflit-israelo-israelien + https:\/\/www.mediapart.fr\/journal\/international\/071223\/gaza-le-camp-de-jabalia-bastion-du-hamas-devenu-mer-de-sang + Emission C&rsquo;Ce soir https:\/\/www.youtube.com\/watch?v=hi6NdYB1Eio + https:\/\/orientxxi.info\/7809,7809 + Interview Arte https:\/\/www.youtube.com watchv=DKhQ47eFCXg&amp;t=1890s + https:\/\/www.laprovence.com\/article\/faits-divers-justice\/1217331181543315\/mort-de-la-journaliste-marine-vlahovic-la-piste-criminelle-semble-devoir-etre-ecartee + https:\/\/fr.wikipedia.org\/wiki\/Marine_Vlahovic + https:\/\/www.arteradio.com\/serie\/carnets-de-correspondante + https:\/\/www.arteradio.com\/son\/carnets-de-correspondante-6-6-gaza-calling + https:\/\/www.arteradio.com\/son\/la-derniere-classe + https:\/\/www.arteradio.com\/son\/le-souffle-de-beyrouth + Voix pour la Palestine: https:\/\/www.youtube.com\/watch?v=LJBbigadCK4&amp;list=RDLJBbigadCK4&amp;start_radio=1 + Dylan Vlahovic, Palestina, https:\/\/www.youtube.com\/watch?v=WW87-J63chw&amp;list=RDWW87-J63chw&amp;start_radio=1<\/p><\/div><\/div><div class=\"ppjs__img-wrapper \"><div class=\"ppjs__img-btn-cover\"><img decoding=\"async\" class=\"ppjs__img-btn\" src=\"https:\/\/lespiedsdansleplateau.fr\/wp-content\/uploads\/2026\/03\/origin_272022_vO2Mp-768x512.png\" srcset=\"https:\/\/lespiedsdansleplateau.fr\/wp-content\/uploads\/2026\/03\/origin_272022_vO2Mp-768x512.png 768w, https:\/\/lespiedsdansleplateau.fr\/wp-content\/uploads\/2026\/03\/origin_272022_vO2Mp-300x200.png 300w, https:\/\/lespiedsdansleplateau.fr\/wp-content\/uploads\/2026\/03\/origin_272022_vO2Mp-1024x683.png 1024w, https:\/\/lespiedsdansleplateau.fr\/wp-content\/uploads\/2026\/03\/origin_272022_vO2Mp.png 1280w\" sizes=\"(max-width: 640px) 100vw, 300px\" alt=\"02 Que vive la Palestine #LPDLurnes\"><\/div><div><span class=\"ppjs__img-btn-style\" style=\"display: block; width: 100%; padding-top: 66.71875%\"><\/div><\/div><\/div><\/div><div class=\"pod-content__list episode-list\"><div class=\"episode-list__filters\"><div class=\"episode-list__search\"><label class=\"label-episode-search\"><span class=\"ppjs__offscreen\">Search Episodes<\/span><input type=\"text\" placeholder=\"Search Episodes\" title=\"Search Podcast Episodes\"\/><\/label><span class=\"episode-list__search-icon\"><svg class=\"icon icon-pp-search\" aria-hidden=\"true\" role=\"img\" focusable=\"false\"><use href=\"#icon-pp-search\" xlink:href=\"#icon-pp-search\"><\/use><\/svg><\/span><\/div><button class=\"episode-list__clear-search pod-button\"><svg class=\"icon icon-pp-x\" aria-hidden=\"true\" role=\"img\" focusable=\"false\"><use href=\"#icon-pp-x\" xlink:href=\"#icon-pp-x\"><\/use><\/svg><span class=\"ppjs__offscreen\">Clear Search<\/span><\/button><\/div><div class=\"episode-list__wrapper\">\n<div id=\"ppe-8290-1\" class=\"episode-list__entry pod-entry\" data-search-term=\"02 que vive la palestine #lpdlurnes\" data-cats=\"\">\n\t<div class=\"pod-entry__wrapper\">\n\t\t<div class=\"pod-entry__content\">\n\t\t\t<div class=\"pod-entry__title\">\n\t\t\t\t<a href=\"https:\/\/audioblog.arteradio.com\/blog\/196960\/podcast\/272022\">02 Que vive la Palestine #LPDLurnes<\/a>\n\t\t\t<\/div>\n\t\t\t<div class=\"pod-entry__date\">26 mars 2026<\/div>\n\t\t\t\t\t\t\t<div class=\"pod-entry__author\">Les pieds dans le plateau<\/div>\n\t\t\t\t\t<\/div>\n\t<\/div>\n<\/div>\n\n<div id=\"ppe-8290-2\" class=\"episode-list__entry pod-entry\" data-search-term=\"12_que vive la palestine_#lpdlamour\" data-cats=\"\">\n\t<div class=\"pod-entry__wrapper\">\n\t\t<div class=\"pod-entry__content\">\n\t\t\t<div class=\"pod-entry__title\">\n\t\t\t\t<a href=\"https:\/\/audioblog.arteradio.com\/blog\/196960\/podcast\/269467\">12_Que vive la Palestine_#LPDLamour<\/a>\n\t\t\t<\/div>\n\t\t\t<div class=\"pod-entry__date\">21 f\u00e9vrier 2026<\/div>\n\t\t\t\t\t\t\t<div class=\"pod-entry__author\">Les pieds dans le plateau<\/div>\n\t\t\t\t\t<\/div>\n\t<\/div>\n<\/div>\n\n<div id=\"ppe-8290-3\" class=\"episode-list__entry pod-entry\" data-search-term=\"07 que vive la palestine #lpdlanniv\" data-cats=\"\">\n\t<div class=\"pod-entry__wrapper\">\n\t\t<div class=\"pod-entry__content\">\n\t\t\t<div class=\"pod-entry__title\">\n\t\t\t\t<a href=\"https:\/\/audioblog.arteradio.com\/blog\/196960\/podcast\/267215\">07 Que vive la Palestine #LPDLanniv<\/a>\n\t\t\t<\/div>\n\t\t\t<div class=\"pod-entry__date\">21 janvier 2026<\/div>\n\t\t\t\t\t\t\t<div class=\"pod-entry__author\">Les pieds dans le plateau<\/div>\n\t\t\t\t\t<\/div>\n\t<\/div>\n<\/div>\n\n<div id=\"ppe-8290-4\" class=\"episode-list__entry pod-entry\" data-search-term=\"et que vive la palestine n\u00b03 lpdtmere\" data-cats=\"\">\n\t<div class=\"pod-entry__wrapper\">\n\t\t<div class=\"pod-entry__content\">\n\t\t\t<div class=\"pod-entry__title\">\n\t\t\t\t<a href=\"https:\/\/audioblog.arteradio.com\/blog\/196960\/podcast\/254136\">Et que vive la Palestine n\u00b03 LPDTMere<\/a>\n\t\t\t<\/div>\n\t\t\t<div class=\"pod-entry__date\">2 juin 2025<\/div>\n\t\t\t\t\t\t\t<div class=\"pod-entry__author\">Les pieds dans le plateau<\/div>\n\t\t\t\t\t<\/div>\n\t<\/div>\n<\/div>\n\n<div id=\"ppe-8290-5\" class=\"episode-list__entry pod-entry\" data-search-term=\"et que vive la palestine !#2\" data-cats=\"\">\n\t<div class=\"pod-entry__wrapper\">\n\t\t<div class=\"pod-entry__content\">\n\t\t\t<div class=\"pod-entry__title\">\n\t\t\t\t<a href=\"https:\/\/audioblog.arteradio.com\/blog\/196960\/podcast\/223685\">Et que vive la Palestine !#2<\/a>\n\t\t\t<\/div>\n\t\t\t<div class=\"pod-entry__date\">12 mars 2024<\/div>\n\t\t\t\t\t\t\t<div class=\"pod-entry__author\">Les pieds dans le plateau<\/div>\n\t\t\t\t\t<\/div>\n\t<\/div>\n<\/div>\n\n<div id=\"ppe-8290-6\" class=\"episode-list__entry pod-entry\" data-search-term=\"et que vive la palestine\" data-cats=\"\">\n\t<div class=\"pod-entry__wrapper\">\n\t\t<div class=\"pod-entry__content\">\n\t\t\t<div class=\"pod-entry__title\">\n\t\t\t\t<a href=\"https:\/\/audioblog.arteradio.com\/blog\/196960\/podcast\/219350\">Et que vive la Palestine<\/a>\n\t\t\t<\/div>\n\t\t\t<div class=\"pod-entry__date\">14 janvier 2024<\/div>\n\t\t\t\t\t\t\t<div class=\"pod-entry__author\">Les pieds dans le plateau<\/div>\n\t\t\t\t\t<\/div>\n\t<\/div>\n<\/div>\n<div class=\"episode-list__search-results episode-search\"><span class=\"ppjs__offscreen\">Search Results placeholder<\/span><\/div><\/div><\/div><div class=\"ppjs__list-reveal\"><div class=\"ppjs__button\"><button class=\"pp-prev-btn\"><span class=\"ppjs__offscreen\">Previous Episode<\/span><span class=\"btn-icon-wrap\"><svg class=\"icon icon-pp-previous\" aria-hidden=\"true\" role=\"img\" focusable=\"false\"><use href=\"#icon-pp-previous\" xlink:href=\"#icon-pp-previous\"><\/use><\/svg><\/span><\/button><\/div><div class=\"ppjs__button\"><button class=\"pp-list-btn\"><span class=\"ppjs__offscreen\">Show Episodes List<\/span><span class=\"btn-icon-wrap\"><svg class=\"icon icon-pp-show-list\" aria-hidden=\"true\" role=\"img\" focusable=\"false\"><use href=\"#icon-pp-show-list\" xlink:href=\"#icon-pp-show-list\"><\/use><\/svg><svg class=\"icon icon-pp-hide-list\" aria-hidden=\"true\" role=\"img\" focusable=\"false\"><use href=\"#icon-pp-hide-list\" xlink:href=\"#icon-pp-hide-list\"><\/use><\/svg><\/span><\/button><\/div><div class=\"ppjs__button\"><button class=\"pp-next-btn\"><span class=\"ppjs__offscreen\">Next Episode<\/span><span class=\"btn-icon-wrap\"><svg class=\"icon icon-pp-next\" aria-hidden=\"true\" role=\"img\" focusable=\"false\"><use href=\"#icon-pp-next\" xlink:href=\"#icon-pp-next\"><\/use><\/svg><\/span><\/button><\/div><\/div><\/div><\/div><div class=\"pod-content__launcher pod-launch\"><button class=\"pod-launch__button pod-launch__info pod-button\" aria-expanded=\"false\"><span class=\"ppjs__offscreen\">Show Podcast Information<\/span><span class=\"btn-icon-wrap\"><svg class=\"icon icon-pp-podcast\" aria-hidden=\"true\" role=\"img\" focusable=\"false\"><use href=\"#icon-pp-podcast\" xlink:href=\"#icon-pp-podcast\"><\/use><\/svg><svg class=\"icon icon-pp-x\" aria-hidden=\"true\" role=\"img\" focusable=\"false\"><use href=\"#icon-pp-x\" xlink:href=\"#icon-pp-x\"><\/use><\/svg><\/span><\/button><\/div><\/div>\n","protected":false},"excerpt":{"rendered":"","protected":false},"author":1,"featured_media":0,"parent":0,"menu_order":0,"comment_status":"closed","ping_status":"closed","template":"","meta":{"footnotes":""},"class_list":["post-611","page","type-page","status-publish","hentry"],"_links":{"self":[{"href":"https:\/\/lespiedsdansleplateau.fr\/index.php\/wp-json\/wp\/v2\/pages\/611","targetHints":{"allow":["GET"]}}],"collection":[{"href":"https:\/\/lespiedsdansleplateau.fr\/index.php\/wp-json\/wp\/v2\/pages"}],"about":[{"href":"https:\/\/lespiedsdansleplateau.fr\/index.php\/wp-json\/wp\/v2\/types\/page"}],"author":[{"embeddable":true,"href":"https:\/\/lespiedsdansleplateau.fr\/index.php\/wp-json\/wp\/v2\/users\/1"}],"replies":[{"embeddable":true,"href":"https:\/\/lespiedsdansleplateau.fr\/index.php\/wp-json\/wp\/v2\/comments?post=611"}],"version-history":[{"count":2,"href":"https:\/\/lespiedsdansleplateau.fr\/index.php\/wp-json\/wp\/v2\/pages\/611\/revisions"}],"predecessor-version":[{"id":642,"href":"https:\/\/lespiedsdansleplateau.fr\/index.php\/wp-json\/wp\/v2\/pages\/611\/revisions\/642"}],"wp:attachment":[{"href":"https:\/\/lespiedsdansleplateau.fr\/index.php\/wp-json\/wp\/v2\/media?parent=611"}],"curies":[{"name":"wp","href":"https:\/\/api.w.org\/{rel}","templated":true}]}}