{"id":614,"date":"2025-06-25T17:09:34","date_gmt":"2025-06-25T15:09:34","guid":{"rendered":"https:\/\/lespiedsdansleplateau.fr\/?page_id=614"},"modified":"2025-06-25T17:09:34","modified_gmt":"2025-06-25T15:09:34","slug":"impromptu","status":"publish","type":"page","link":"https:\/\/lespiedsdansleplateau.fr\/index.php\/impromptu\/","title":{"rendered":"Impromptu"},"content":{"rendered":"\t\t\t<style type=\"text\/css\"><\/style>\n\t\t\t<div id=\"pp-podcast-9911\" class=\"pp-podcast has-header header-hidden has-featured playerview media-audio\"  data-teaser=\"\" data-elength=\"18\" data-eunit=\"\" data-ppsdata=\"{&quot;ppe-9911-1&quot;:{&quot;title&quot;:&quot;12 L\\u2019impromptu #LPDLurnes&quot;,&quot;description&quot;:&quot;&lt;p&gt;l&rsquo;impromptu de mars&lt;\\\/p&gt;\\n&quot;,&quot;author&quot;:&quot;Les pieds dans le plateau&quot;,&quot;date&quot;:&quot;27 mars 2026&quot;,&quot;link&quot;:&quot;https:\\\/\\\/audioblog.arteradio.com\\\/blog\\\/196960\\\/podcast\\\/272172&quot;,&quot;src&quot;:&quot;https:\\\/\\\/back-audioblog.arteradio.com\\\/sites\\\/default\\\/files\\\/audios\\\/origin_podcast_272172_gMu52.mp3&quot;,&quot;featured&quot;:&quot;https:\\\/\\\/lespiedsdansleplateau.fr\\\/wp-content\\\/uploads\\\/2026\\\/03\\\/origin_272172_d7w3z-768x512.png&quot;,&quot;featured_id&quot;:852,&quot;mediatype&quot;:&quot;audio&quot;,&quot;season&quot;:0,&quot;categories&quot;:[],&quot;duration&quot;:&quot;35:03&quot;,&quot;episodetype&quot;:&quot;full&quot;,&quot;timestamp&quot;:1774640770,&quot;key&quot;:&quot;ccedeaad8f79f5cb8e6cbf55d9516b63&quot;,&quot;fset&quot;:&quot;https:\\\/\\\/lespiedsdansleplateau.fr\\\/wp-content\\\/uploads\\\/2026\\\/03\\\/origin_272172_d7w3z-768x512.png 768w, https:\\\/\\\/lespiedsdansleplateau.fr\\\/wp-content\\\/uploads\\\/2026\\\/03\\\/origin_272172_d7w3z-300x200.png 300w, https:\\\/\\\/lespiedsdansleplateau.fr\\\/wp-content\\\/uploads\\\/2026\\\/03\\\/origin_272172_d7w3z-1024x683.png 1024w, https:\\\/\\\/lespiedsdansleplateau.fr\\\/wp-content\\\/uploads\\\/2026\\\/03\\\/origin_272172_d7w3z.png 1280w&quot;,&quot;fratio&quot;:0.6671875},&quot;ppe-9911-2&quot;:{&quot;title&quot;:&quot;02_Impromptu_#LPDLamour&quot;,&quot;description&quot;:&quot;&lt;p&gt;L&rsquo;impromptu de Lolo&lt;\\\/p&gt;\\n&quot;,&quot;author&quot;:&quot;Les pieds dans le plateau&quot;,&quot;date&quot;:&quot;21 f\\u00e9vrier 2026&quot;,&quot;link&quot;:&quot;https:\\\/\\\/audioblog.arteradio.com\\\/blog\\\/196960\\\/podcast\\\/269454&quot;,&quot;src&quot;:&quot;https:\\\/\\\/sons-audioblogs.arte.tv\\\/audioblogs\\\/v2\\\/sons\\\/196960\\\/269454\\\/podcast_269454_p0sNh.mp3&quot;,&quot;featured&quot;:&quot;https:\\\/\\\/lespiedsdansleplateau.fr\\\/wp-content\\\/uploads\\\/2026\\\/02\\\/origin_269454_hCsF4-768x512.jpeg&quot;,&quot;featured_id&quot;:841,&quot;mediatype&quot;:&quot;audio&quot;,&quot;season&quot;:0,&quot;categories&quot;:[],&quot;duration&quot;:&quot;07:56&quot;,&quot;episodetype&quot;:&quot;full&quot;,&quot;timestamp&quot;:1771680088,&quot;key&quot;:&quot;9d65a24464161a59437503ec0c88097a&quot;,&quot;fset&quot;:&quot;https:\\\/\\\/lespiedsdansleplateau.fr\\\/wp-content\\\/uploads\\\/2026\\\/02\\\/origin_269454_hCsF4-768x512.jpeg 768w, https:\\\/\\\/lespiedsdansleplateau.fr\\\/wp-content\\\/uploads\\\/2026\\\/02\\\/origin_269454_hCsF4-300x200.jpeg 300w, https:\\\/\\\/lespiedsdansleplateau.fr\\\/wp-content\\\/uploads\\\/2026\\\/02\\\/origin_269454_hCsF4-1024x682.jpeg 1024w, https:\\\/\\\/lespiedsdansleplateau.fr\\\/wp-content\\\/uploads\\\/2026\\\/02\\\/origin_269454_hCsF4.jpeg 1280w&quot;,&quot;fratio&quot;:0.6671875},&quot;ppe-9911-3&quot;:{&quot;title&quot;:&quot;06 impromptu #LPDLanniv&quot;,&quot;description&quot;:&quot;&lt;p&gt;L&rsquo;impromptu au grand caf\\u00e9&lt;\\\/p&gt;\\n&quot;,&quot;author&quot;:&quot;Les pieds dans le plateau&quot;,&quot;date&quot;:&quot;21 janvier 2026&quot;,&quot;link&quot;:&quot;https:\\\/\\\/audioblog.arteradio.com\\\/blog\\\/196960\\\/podcast\\\/267214&quot;,&quot;src&quot;:&quot;https:\\\/\\\/sons-audioblogs.arte.tv\\\/audioblogs\\\/v2\\\/sons\\\/196960\\\/267214\\\/podcast_267214_nFnO4.mp3&quot;,&quot;featured&quot;:&quot;https:\\\/\\\/lespiedsdansleplateau.fr\\\/wp-content\\\/uploads\\\/2026\\\/01\\\/origin_267214_r4j92.jpeg&quot;,&quot;featured_id&quot;:815,&quot;mediatype&quot;:&quot;audio&quot;,&quot;season&quot;:0,&quot;categories&quot;:[],&quot;duration&quot;:&quot;10:14&quot;,&quot;episodetype&quot;:&quot;full&quot;,&quot;timestamp&quot;:1768987810,&quot;key&quot;:&quot;15df26e5b61b655ad959355687fc5bd0&quot;,&quot;fset&quot;:&quot;https:\\\/\\\/lespiedsdansleplateau.fr\\\/wp-content\\\/uploads\\\/2026\\\/01\\\/origin_267214_r4j92.jpeg 707w, https:\\\/\\\/lespiedsdansleplateau.fr\\\/wp-content\\\/uploads\\\/2026\\\/01\\\/origin_267214_r4j92-207x300.jpeg 207w&quot;,&quot;fratio&quot;:1.4484375},&quot;ppe-9911-4&quot;:{&quot;title&quot;:&quot;04 Impromptu #LPDLpatin&quot;,&quot;description&quot;:&quot;&lt;p&gt;Impromptu&lt;\\\/p&gt;\\n&quot;,&quot;author&quot;:&quot;Les pieds dans le plateau&quot;,&quot;date&quot;:&quot;16 d\\u00e9cembre 2025&quot;,&quot;link&quot;:&quot;https:\\\/\\\/audioblog.arteradio.com\\\/blog\\\/196960\\\/podcast\\\/265646&quot;,&quot;src&quot;:&quot;https:\\\/\\\/sons-audioblogs.arte.tv\\\/audioblogs\\\/v2\\\/sons\\\/196960\\\/265646\\\/podcast_265646_f3fRl.mp3&quot;,&quot;featured&quot;:&quot;https:\\\/\\\/lespiedsdansleplateau.fr\\\/wp-content\\\/uploads\\\/2025\\\/12\\\/origin_265646_p4rYl.png&quot;,&quot;featured_id&quot;:785,&quot;mediatype&quot;:&quot;audio&quot;,&quot;season&quot;:0,&quot;categories&quot;:[],&quot;duration&quot;:&quot;15:53&quot;,&quot;episodetype&quot;:&quot;full&quot;,&quot;timestamp&quot;:1765920250,&quot;key&quot;:&quot;018a6cc875ea03c3a2067b1d47069fda&quot;,&quot;fset&quot;:&quot;https:\\\/\\\/lespiedsdansleplateau.fr\\\/wp-content\\\/uploads\\\/2025\\\/12\\\/origin_265646_p4rYl.png 725w, https:\\\/\\\/lespiedsdansleplateau.fr\\\/wp-content\\\/uploads\\\/2025\\\/12\\\/origin_265646_p4rYl-212x300.png 212w&quot;,&quot;fratio&quot;:1.4125},&quot;ppe-9911-5&quot;:{&quot;title&quot;:&quot;09 L\\u2019Impromptu d\\u2019Octobre #LPDLcour&quot;,&quot;description&quot;:&quot;&lt;p&gt;Si tu ne voulais pas aller \\u00e0 la chasse, il ne fallait pas laisser ta place en classe&lt;\\\/p&gt;\\n&quot;,&quot;author&quot;:&quot;Les pieds dans le plateau&quot;,&quot;date&quot;:&quot;29 octobre 2025&quot;,&quot;link&quot;:&quot;https:\\\/\\\/audioblog.arteradio.com\\\/blog\\\/196960\\\/podcast\\\/262350&quot;,&quot;src&quot;:&quot;https:\\\/\\\/sons-audioblogs.arte.tv\\\/audioblogs\\\/v2\\\/sons\\\/196960\\\/262350\\\/podcast_262350_m4hKl.mp3&quot;,&quot;featured&quot;:&quot;https:\\\/\\\/lespiedsdansleplateau.fr\\\/wp-content\\\/uploads\\\/2025\\\/10\\\/origin_262350_kHyR7.jpeg&quot;,&quot;featured_id&quot;:721,&quot;mediatype&quot;:&quot;audio&quot;,&quot;season&quot;:0,&quot;categories&quot;:[],&quot;duration&quot;:&quot;04:18&quot;,&quot;episodetype&quot;:&quot;full&quot;,&quot;timestamp&quot;:1761765526,&quot;key&quot;:&quot;3d1ea41fe0db0fec6335556b6f4b9ed0&quot;,&quot;fset&quot;:&quot;https:\\\/\\\/lespiedsdansleplateau.fr\\\/wp-content\\\/uploads\\\/2025\\\/10\\\/origin_262350_kHyR7.jpeg 751w, https:\\\/\\\/lespiedsdansleplateau.fr\\\/wp-content\\\/uploads\\\/2025\\\/10\\\/origin_262350_kHyR7-300x225.jpeg 300w&quot;,&quot;fratio&quot;:0.75},&quot;ppe-9911-6&quot;:{&quot;title&quot;:&quot;09 L&rsquo;impromptu de juin LPDLGeole&quot;,&quot;description&quot;:&quot;&lt;p&gt;L&rsquo;impromptu de juin : une nouvelle \\u00e9mission !les piscines&lt;\\\/p&gt;\\n&quot;,&quot;author&quot;:&quot;Les pieds dans le plateau&quot;,&quot;date&quot;:&quot;25 juin 2025&quot;,&quot;link&quot;:&quot;https:\\\/\\\/audioblog.arteradio.com\\\/blog\\\/196960\\\/podcast\\\/256424&quot;,&quot;src&quot;:&quot;https:\\\/\\\/sons-audioblogs.arte.tv\\\/audioblogs\\\/v2\\\/sons\\\/196960\\\/256424\\\/podcast_256424_rBoM4.mp3&quot;,&quot;featured&quot;:&quot;https:\\\/\\\/lespiedsdansleplateau.fr\\\/wp-content\\\/uploads\\\/2025\\\/06\\\/origin_256424_pIuPh-768x768.png&quot;,&quot;featured_id&quot;:613,&quot;mediatype&quot;:&quot;audio&quot;,&quot;season&quot;:0,&quot;categories&quot;:[],&quot;duration&quot;:&quot;07:17&quot;,&quot;episodetype&quot;:&quot;full&quot;,&quot;timestamp&quot;:1750858157,&quot;key&quot;:&quot;3569efcdf491f5b271f64d89adb5433a&quot;,&quot;fset&quot;:&quot;https:\\\/\\\/lespiedsdansleplateau.fr\\\/wp-content\\\/uploads\\\/2025\\\/06\\\/origin_256424_pIuPh-768x768.png 768w, https:\\\/\\\/lespiedsdansleplateau.fr\\\/wp-content\\\/uploads\\\/2025\\\/06\\\/origin_256424_pIuPh-300x300.png 300w, https:\\\/\\\/lespiedsdansleplateau.fr\\\/wp-content\\\/uploads\\\/2025\\\/06\\\/origin_256424_pIuPh-150x150.png 150w, https:\\\/\\\/lespiedsdansleplateau.fr\\\/wp-content\\\/uploads\\\/2025\\\/06\\\/origin_256424_pIuPh.png 1024w&quot;,&quot;fratio&quot;:1},&quot;ppe-9911-7&quot;:{&quot;title&quot;:&quot;L&rsquo;impromptu n\\u00b01 LPDTMere&quot;,&quot;description&quot;:&quot;&lt;p&gt;Lolo nous pr\\u00e9sente sa compo musicale du mois de mai.&lt;\\\/p&gt;\\n&quot;,&quot;author&quot;:&quot;Les pieds dans le plateau&quot;,&quot;date&quot;:&quot;2 juin 2025&quot;,&quot;link&quot;:&quot;https:\\\/\\\/audioblog.arteradio.com\\\/blog\\\/196960\\\/podcast\\\/254131&quot;,&quot;src&quot;:&quot;https:\\\/\\\/sons-audioblogs.arte.tv\\\/audioblogs\\\/v2\\\/sons\\\/196960\\\/254131\\\/podcast_254131_3InHk.mp3&quot;,&quot;featured&quot;:&quot;https:\\\/\\\/sons-audioblogs.arte.tv\\\/audioblogs\\\/v2\\\/sons\\\/196960\\\/254131\\\/origin_254131_lNlPp.png&quot;,&quot;featured_id&quot;:0,&quot;mediatype&quot;:&quot;audio&quot;,&quot;season&quot;:0,&quot;categories&quot;:[],&quot;duration&quot;:&quot;03:04&quot;,&quot;episodetype&quot;:&quot;full&quot;,&quot;timestamp&quot;:1748895100,&quot;key&quot;:&quot;42fe60268acea6d2da86d0e65dfdac91&quot;,&quot;fset&quot;:&quot;&quot;,&quot;fratio&quot;:1},&quot;load_info&quot;:{&quot;loaded&quot;:7,&quot;displayed&quot;:10,&quot;offset&quot;:0,&quot;maxItems&quot;:7,&quot;src&quot;:&quot;d7c8cb3190147f282d8c01e1cee58f3d&quot;,&quot;step&quot;:10,&quot;sortby&quot;:&quot;sort_date_desc&quot;,&quot;filterby&quot;:&quot;impromptu&quot;,&quot;fixed&quot;:&quot;&quot;,&quot;args&quot;:{&quot;imgurl&quot;:&quot;https:\\\/\\\/back-audioblog.arteradio.com\\\/sites\\\/default\\\/files\\\/pictures\\\/origin_196960_g5wBj.jpg&quot;,&quot;imgset&quot;:&quot;&quot;,&quot;display&quot;:&quot;&quot;,&quot;hddesc&quot;:0,&quot;hdfeat&quot;:0,&quot;oricov&quot;:&quot;https:\\\/\\\/back-audioblog.arteradio.com\\\/sites\\\/default\\\/files\\\/pictures\\\/origin_196960_g5wBj.jpg&quot;,&quot;elength&quot;:18}},&quot;rdata&quot;:{&quot;permalink&quot;:&quot;https:\\\/\\\/lespiedsdansleplateau.fr\\\/wp-json\\\/wp\\\/v2\\\/pages\\\/614&quot;,&quot;fprint&quot;:&quot;d7c8cb3190147f282d8c01e1cee58f3d&quot;,&quot;from&quot;:&quot;feedurl&quot;,&quot;elen&quot;:18,&quot;eunit&quot;:&quot;&quot;,&quot;teaser&quot;:&quot;&quot;,&quot;title&quot;:&quot;Les pieds dans le plateau&quot;,&quot;autoplay&quot;:&quot;autoplay&quot;}}\"><div class=\"pp-podcast__wrapper\"><div class=\"pp-podcast__info pod-info\"><div class=\"pod-info__header pod-header\"><div class=\"pod-header__image\"><div class=\"pod-header__image-wrapper\"><img decoding=\"async\" class=\"podcast-cover-image\" src=\"https:\/\/back-audioblog.arteradio.com\/sites\/default\/files\/pictures\/origin_196960_g5wBj.jpg\" srcset=\"\" sizes=\"(max-width: 640px) 100vw, 25vw\" alt=\"Les pieds dans le plateau\"><\/div><span class=\"pod-header__image-style\" style=\"display: block; width: 100%; padding-top: 100%\"><\/div><div class=\"pod-header__items pod-items\"><div class=\"pod-items__title\">Les pieds dans le plateau<\/div><div class=\"pod-items__desc\"><p>Et si on faisait de la radio ?Une vingtaine de personnes ont d\u00e9cid\u00e9 de cr\u00e9er une radio associative et libre dans le Bugey. Suivez leurs p\u00e9r\u00e9grinations radiophoniques !<\/p>\n<\/div><\/div><\/div><\/div><div class=\"pp-podcast__content pod-content\"><div class=\"pp-podcast__single\"><div class=\"pp-podcast__player\"><div class=\"pp-player-episode\"><audio id=\"pp-podcast-9911-player\" preload=\"none\" class=\"pp-podcast-episode\" style=\"width: 100%;\" controls=\"controls\"><source type=\"audio\/mpeg\" src=\"https:\/\/back-audioblog.arteradio.com\/sites\/default\/files\/audios\/origin_podcast_272172_gMu52.mp3\" \/><\/audio><\/div><\/div><div class=\"pod-content__episode episode-single\"><button class=\"episode-single__close\" aria-expanded=\"false\" aria-label=\"Close Single Episode\"><span class=\"btn-icon-wrap\"><svg class=\"icon icon-pp-x\" aria-hidden=\"true\" role=\"img\" focusable=\"false\"><use href=\"#icon-pp-x\" xlink:href=\"#icon-pp-x\"><\/use><\/svg><\/span><\/button><div class=\"episode-single__wrapper\"><div class=\"episode-single__header\"><div class=\"episode-single__title\">12 L\u2019impromptu #LPDLurnes<\/div><div class=\"episode-single__author\"><span class=\"byname\">by<\/span><span class=\"single-author\">Les pieds dans le plateau<\/span><\/div><\/div><div class=\"episode-single__description\"><p>l&rsquo;impromptu de mars<\/p><\/div><\/div><div class=\"ppjs__img-wrapper \"><div class=\"ppjs__img-btn-cover\"><img decoding=\"async\" class=\"ppjs__img-btn\" src=\"https:\/\/lespiedsdansleplateau.fr\/wp-content\/uploads\/2026\/03\/origin_272172_d7w3z-768x512.png\" srcset=\"https:\/\/lespiedsdansleplateau.fr\/wp-content\/uploads\/2026\/03\/origin_272172_d7w3z-768x512.png 768w, https:\/\/lespiedsdansleplateau.fr\/wp-content\/uploads\/2026\/03\/origin_272172_d7w3z-300x200.png 300w, https:\/\/lespiedsdansleplateau.fr\/wp-content\/uploads\/2026\/03\/origin_272172_d7w3z-1024x683.png 1024w, https:\/\/lespiedsdansleplateau.fr\/wp-content\/uploads\/2026\/03\/origin_272172_d7w3z.png 1280w\" sizes=\"(max-width: 640px) 100vw, 300px\" alt=\"12 L\u2019impromptu #LPDLurnes\"><\/div><div><span class=\"ppjs__img-btn-style\" style=\"display: block; width: 100%; padding-top: 66.71875%\"><\/div><\/div><\/div><\/div><div class=\"pod-content__list episode-list\"><div class=\"episode-list__filters\"><div class=\"episode-list__search\"><label class=\"label-episode-search\"><span class=\"ppjs__offscreen\">Search Episodes<\/span><input type=\"text\" placeholder=\"Search Episodes\" title=\"Search Podcast Episodes\"\/><\/label><span class=\"episode-list__search-icon\"><svg class=\"icon icon-pp-search\" aria-hidden=\"true\" role=\"img\" focusable=\"false\"><use href=\"#icon-pp-search\" xlink:href=\"#icon-pp-search\"><\/use><\/svg><\/span><\/div><button class=\"episode-list__clear-search pod-button\"><svg class=\"icon icon-pp-x\" aria-hidden=\"true\" role=\"img\" focusable=\"false\"><use href=\"#icon-pp-x\" xlink:href=\"#icon-pp-x\"><\/use><\/svg><span class=\"ppjs__offscreen\">Clear Search<\/span><\/button><\/div><div class=\"episode-list__wrapper\">\n<div id=\"ppe-9911-1\" class=\"episode-list__entry pod-entry\" data-search-term=\"12 l\u2019impromptu #lpdlurnes\" data-cats=\"\">\n\t<div class=\"pod-entry__wrapper\">\n\t\t<div class=\"pod-entry__content\">\n\t\t\t<div class=\"pod-entry__title\">\n\t\t\t\t<a href=\"https:\/\/audioblog.arteradio.com\/blog\/196960\/podcast\/272172\">12 L\u2019impromptu #LPDLurnes<\/a>\n\t\t\t<\/div>\n\t\t\t<div class=\"pod-entry__date\">27 mars 2026<\/div>\n\t\t\t\t\t\t\t<div class=\"pod-entry__author\">Les pieds dans le plateau<\/div>\n\t\t\t\t\t<\/div>\n\t<\/div>\n<\/div>\n\n<div id=\"ppe-9911-2\" class=\"episode-list__entry pod-entry\" data-search-term=\"02_impromptu_#lpdlamour\" data-cats=\"\">\n\t<div class=\"pod-entry__wrapper\">\n\t\t<div class=\"pod-entry__content\">\n\t\t\t<div class=\"pod-entry__title\">\n\t\t\t\t<a href=\"https:\/\/audioblog.arteradio.com\/blog\/196960\/podcast\/269454\">02_Impromptu_#LPDLamour<\/a>\n\t\t\t<\/div>\n\t\t\t<div class=\"pod-entry__date\">21 f\u00e9vrier 2026<\/div>\n\t\t\t\t\t\t\t<div class=\"pod-entry__author\">Les pieds dans le plateau<\/div>\n\t\t\t\t\t<\/div>\n\t<\/div>\n<\/div>\n\n<div id=\"ppe-9911-3\" class=\"episode-list__entry pod-entry\" data-search-term=\"06 impromptu #lpdlanniv\" data-cats=\"\">\n\t<div class=\"pod-entry__wrapper\">\n\t\t<div class=\"pod-entry__content\">\n\t\t\t<div class=\"pod-entry__title\">\n\t\t\t\t<a href=\"https:\/\/audioblog.arteradio.com\/blog\/196960\/podcast\/267214\">06 impromptu #LPDLanniv<\/a>\n\t\t\t<\/div>\n\t\t\t<div class=\"pod-entry__date\">21 janvier 2026<\/div>\n\t\t\t\t\t\t\t<div class=\"pod-entry__author\">Les pieds dans le plateau<\/div>\n\t\t\t\t\t<\/div>\n\t<\/div>\n<\/div>\n\n<div id=\"ppe-9911-4\" class=\"episode-list__entry pod-entry\" data-search-term=\"04 impromptu #lpdlpatin\" data-cats=\"\">\n\t<div class=\"pod-entry__wrapper\">\n\t\t<div class=\"pod-entry__content\">\n\t\t\t<div class=\"pod-entry__title\">\n\t\t\t\t<a href=\"https:\/\/audioblog.arteradio.com\/blog\/196960\/podcast\/265646\">04 Impromptu #LPDLpatin<\/a>\n\t\t\t<\/div>\n\t\t\t<div class=\"pod-entry__date\">16 d\u00e9cembre 2025<\/div>\n\t\t\t\t\t\t\t<div class=\"pod-entry__author\">Les pieds dans le plateau<\/div>\n\t\t\t\t\t<\/div>\n\t<\/div>\n<\/div>\n\n<div id=\"ppe-9911-5\" class=\"episode-list__entry pod-entry\" data-search-term=\"09 l\u2019impromptu d\u2019octobre #lpdlcour\" data-cats=\"\">\n\t<div class=\"pod-entry__wrapper\">\n\t\t<div class=\"pod-entry__content\">\n\t\t\t<div class=\"pod-entry__title\">\n\t\t\t\t<a href=\"https:\/\/audioblog.arteradio.com\/blog\/196960\/podcast\/262350\">09 L\u2019Impromptu d\u2019Octobre #LPDLcour<\/a>\n\t\t\t<\/div>\n\t\t\t<div class=\"pod-entry__date\">29 octobre 2025<\/div>\n\t\t\t\t\t\t\t<div class=\"pod-entry__author\">Les pieds dans le plateau<\/div>\n\t\t\t\t\t<\/div>\n\t<\/div>\n<\/div>\n\n<div id=\"ppe-9911-6\" class=\"episode-list__entry pod-entry\" data-search-term=\"09 l&rsquo;impromptu de juin lpdlgeole\" data-cats=\"\">\n\t<div class=\"pod-entry__wrapper\">\n\t\t<div class=\"pod-entry__content\">\n\t\t\t<div class=\"pod-entry__title\">\n\t\t\t\t<a href=\"https:\/\/audioblog.arteradio.com\/blog\/196960\/podcast\/256424\">09 L&rsquo;impromptu de juin LPDLGeole<\/a>\n\t\t\t<\/div>\n\t\t\t<div class=\"pod-entry__date\">25 juin 2025<\/div>\n\t\t\t\t\t\t\t<div class=\"pod-entry__author\">Les pieds dans le plateau<\/div>\n\t\t\t\t\t<\/div>\n\t<\/div>\n<\/div>\n\n<div id=\"ppe-9911-7\" class=\"episode-list__entry pod-entry\" data-search-term=\"l&rsquo;impromptu n\u00b01 lpdtmere\" data-cats=\"\">\n\t<div class=\"pod-entry__wrapper\">\n\t\t<div class=\"pod-entry__content\">\n\t\t\t<div class=\"pod-entry__title\">\n\t\t\t\t<a href=\"https:\/\/audioblog.arteradio.com\/blog\/196960\/podcast\/254131\">L&rsquo;impromptu n\u00b01 LPDTMere<\/a>\n\t\t\t<\/div>\n\t\t\t<div class=\"pod-entry__date\">2 juin 2025<\/div>\n\t\t\t\t\t\t\t<div class=\"pod-entry__author\">Les pieds dans le plateau<\/div>\n\t\t\t\t\t<\/div>\n\t<\/div>\n<\/div>\n<div class=\"episode-list__search-results episode-search\"><span class=\"ppjs__offscreen\">Search Results placeholder<\/span><\/div><\/div><\/div><div class=\"ppjs__list-reveal\"><div class=\"ppjs__button\"><button class=\"pp-prev-btn\"><span class=\"ppjs__offscreen\">Previous Episode<\/span><span class=\"btn-icon-wrap\"><svg class=\"icon icon-pp-previous\" aria-hidden=\"true\" role=\"img\" focusable=\"false\"><use href=\"#icon-pp-previous\" xlink:href=\"#icon-pp-previous\"><\/use><\/svg><\/span><\/button><\/div><div class=\"ppjs__button\"><button class=\"pp-list-btn\"><span class=\"ppjs__offscreen\">Show Episodes List<\/span><span class=\"btn-icon-wrap\"><svg class=\"icon icon-pp-show-list\" aria-hidden=\"true\" role=\"img\" focusable=\"false\"><use href=\"#icon-pp-show-list\" xlink:href=\"#icon-pp-show-list\"><\/use><\/svg><svg class=\"icon icon-pp-hide-list\" aria-hidden=\"true\" role=\"img\" focusable=\"false\"><use href=\"#icon-pp-hide-list\" xlink:href=\"#icon-pp-hide-list\"><\/use><\/svg><\/span><\/button><\/div><div class=\"ppjs__button\"><button class=\"pp-next-btn\"><span class=\"ppjs__offscreen\">Next Episode<\/span><span class=\"btn-icon-wrap\"><svg class=\"icon icon-pp-next\" aria-hidden=\"true\" role=\"img\" focusable=\"false\"><use href=\"#icon-pp-next\" xlink:href=\"#icon-pp-next\"><\/use><\/svg><\/span><\/button><\/div><\/div><\/div><\/div><div class=\"pod-content__launcher pod-launch\"><button class=\"pod-launch__button pod-launch__info pod-button\" aria-expanded=\"false\"><span class=\"ppjs__offscreen\">Show Podcast Information<\/span><span class=\"btn-icon-wrap\"><svg class=\"icon icon-pp-podcast\" aria-hidden=\"true\" role=\"img\" focusable=\"false\"><use href=\"#icon-pp-podcast\" xlink:href=\"#icon-pp-podcast\"><\/use><\/svg><svg class=\"icon icon-pp-x\" aria-hidden=\"true\" role=\"img\" focusable=\"false\"><use href=\"#icon-pp-x\" xlink:href=\"#icon-pp-x\"><\/use><\/svg><\/span><\/button><\/div><\/div>\n","protected":false},"excerpt":{"rendered":"","protected":false},"author":1,"featured_media":0,"parent":0,"menu_order":0,"comment_status":"closed","ping_status":"closed","template":"","meta":{"footnotes":""},"class_list":["post-614","page","type-page","status-publish","hentry"],"_links":{"self":[{"href":"https:\/\/lespiedsdansleplateau.fr\/index.php\/wp-json\/wp\/v2\/pages\/614","targetHints":{"allow":["GET"]}}],"collection":[{"href":"https:\/\/lespiedsdansleplateau.fr\/index.php\/wp-json\/wp\/v2\/pages"}],"about":[{"href":"https:\/\/lespiedsdansleplateau.fr\/index.php\/wp-json\/wp\/v2\/types\/page"}],"author":[{"embeddable":true,"href":"https:\/\/lespiedsdansleplateau.fr\/index.php\/wp-json\/wp\/v2\/users\/1"}],"replies":[{"embeddable":true,"href":"https:\/\/lespiedsdansleplateau.fr\/index.php\/wp-json\/wp\/v2\/comments?post=614"}],"version-history":[{"count":1,"href":"https:\/\/lespiedsdansleplateau.fr\/index.php\/wp-json\/wp\/v2\/pages\/614\/revisions"}],"predecessor-version":[{"id":615,"href":"https:\/\/lespiedsdansleplateau.fr\/index.php\/wp-json\/wp\/v2\/pages\/614\/revisions\/615"}],"wp:attachment":[{"href":"https:\/\/lespiedsdansleplateau.fr\/index.php\/wp-json\/wp\/v2\/media?parent=614"}],"curies":[{"name":"wp","href":"https:\/\/api.w.org\/{rel}","templated":true}]}}