{"id":620,"date":"2025-06-25T17:13:10","date_gmt":"2025-06-25T15:13:10","guid":{"rendered":"https:\/\/lespiedsdansleplateau.fr\/?page_id=620"},"modified":"2025-06-25T17:13:10","modified_gmt":"2025-06-25T15:13:10","slug":"cta","status":"publish","type":"page","link":"https:\/\/lespiedsdansleplateau.fr\/index.php\/cta\/","title":{"rendered":"CTA"},"content":{"rendered":"\t\t\t<style type=\"text\/css\"><\/style>\n\t\t\t<div id=\"pp-podcast-9370\" class=\"pp-podcast has-header header-hidden has-featured playerview media-audio\"  data-teaser=\"\" data-elength=\"18\" data-eunit=\"\" data-ppsdata=\"{&quot;ppe-9370-1&quot;:{&quot;title&quot;:&quot;13 Club th\\u00e9\\u00e2tre autonome manuel de d\\u00e9noyade #LPDLanniv&quot;,&quot;description&quot;:&quot;&lt;p&gt;Manuel de d\\u00e9-noyadeextraits du livre Non-noy\\u00e9es le\\u00e7ons de f\\u00e9ministes noires apprises aupr\\u00e8s des mammif\\u00e8res marinesd&rsquo;Alexis Pauline Gumbs&lt;\\\/p&gt;\\n&quot;,&quot;author&quot;:&quot;Les pieds dans le plateau&quot;,&quot;date&quot;:&quot;21 janvier 2026&quot;,&quot;link&quot;:&quot;https:\\\/\\\/audioblog.arteradio.com\\\/blog\\\/196960\\\/podcast\\\/267221&quot;,&quot;src&quot;:&quot;https:\\\/\\\/sons-audioblogs.arte.tv\\\/audioblogs\\\/v2\\\/sons\\\/196960\\\/267221\\\/podcast_267221_gDy0k.mp3&quot;,&quot;featured&quot;:&quot;https:\\\/\\\/lespiedsdansleplateau.fr\\\/wp-content\\\/uploads\\\/2026\\\/04\\\/podcast-episode-image-e0ea3cb00459151821be1c7dd08ea9ce.jpg&quot;,&quot;featured_id&quot;:886,&quot;mediatype&quot;:&quot;audio&quot;,&quot;season&quot;:0,&quot;categories&quot;:[],&quot;duration&quot;:&quot;27:16&quot;,&quot;episodetype&quot;:&quot;full&quot;,&quot;timestamp&quot;:1768990190,&quot;key&quot;:&quot;3b1e7a953b99461abb4d5e7212f66133&quot;,&quot;fset&quot;:&quot;https:\\\/\\\/lespiedsdansleplateau.fr\\\/wp-content\\\/uploads\\\/2026\\\/04\\\/podcast-episode-image-e0ea3cb00459151821be1c7dd08ea9ce.jpg 707w, https:\\\/\\\/lespiedsdansleplateau.fr\\\/wp-content\\\/uploads\\\/2026\\\/04\\\/podcast-episode-image-e0ea3cb00459151821be1c7dd08ea9ce-207x300.jpg 207w&quot;,&quot;fratio&quot;:1.4484375},&quot;ppe-9370-2&quot;:{&quot;title&quot;:&quot;Club th\\u00e9\\u00e2tre autonome, Cendrillon&quot;,&quot;description&quot;:&quot;&lt;p&gt;Cendrillon, de Jo\\u00ebl Pommerat&lt;\\\/p&gt;\\n&quot;,&quot;author&quot;:&quot;Les pieds dans le plateau&quot;,&quot;date&quot;:&quot;23 avril 2025&quot;,&quot;link&quot;:&quot;https:\\\/\\\/audioblog.arteradio.com\\\/blog\\\/196960\\\/podcast\\\/249894&quot;,&quot;src&quot;:&quot;https:\\\/\\\/sons-audioblogs.arte.tv\\\/audioblogs\\\/v2\\\/sons\\\/196960\\\/249894\\\/podcast_249894_eQdM8.mp3&quot;,&quot;featured&quot;:&quot;https:\\\/\\\/lespiedsdansleplateau.fr\\\/wp-content\\\/uploads\\\/2025\\\/06\\\/origin_249894_fOi53-768x386.jpeg&quot;,&quot;featured_id&quot;:619,&quot;mediatype&quot;:&quot;audio&quot;,&quot;season&quot;:0,&quot;categories&quot;:[],&quot;duration&quot;:&quot;42:00&quot;,&quot;episodetype&quot;:&quot;full&quot;,&quot;timestamp&quot;:1745395418,&quot;key&quot;:&quot;edc1d10dd6d21a18cb2f5225c210cd92&quot;,&quot;fset&quot;:&quot;https:\\\/\\\/lespiedsdansleplateau.fr\\\/wp-content\\\/uploads\\\/2025\\\/06\\\/origin_249894_fOi53-768x386.jpeg 768w, https:\\\/\\\/lespiedsdansleplateau.fr\\\/wp-content\\\/uploads\\\/2025\\\/06\\\/origin_249894_fOi53-300x151.jpeg 300w, https:\\\/\\\/lespiedsdansleplateau.fr\\\/wp-content\\\/uploads\\\/2025\\\/06\\\/origin_249894_fOi53.jpeg 1020w&quot;,&quot;fratio&quot;:0.503125},&quot;ppe-9370-3&quot;:{&quot;title&quot;:&quot;Club de Th\\u00e9\\u00e2tre Autonome:  M\\u00e9d\\u00e9e SUPERSTAR&quot;,&quot;description&quot;:&quot;&lt;p&gt;Aujourd&rsquo;hui le CTA interpr\\u00e8te un monologue tir\\u00e9 de la pi\\u00e8ce M\\u00e9d\\u00e9e SUPERSTAR&lt;\\\/p&gt;\\n&quot;,&quot;author&quot;:&quot;Les pieds dans le plateau&quot;,&quot;date&quot;:&quot;13 f\\u00e9vrier 2025&quot;,&quot;link&quot;:&quot;https:\\\/\\\/audioblog.arteradio.com\\\/blog\\\/196960\\\/podcast\\\/244709&quot;,&quot;src&quot;:&quot;https:\\\/\\\/sons-audioblogs.arte.tv\\\/audioblogs\\\/v2\\\/sons\\\/196960\\\/244709\\\/podcast_244709_k6vLq.mp3&quot;,&quot;featured&quot;:&quot;https:\\\/\\\/sons-audioblogs.arte.tv\\\/audioblogs\\\/v2\\\/sons\\\/196960\\\/244709\\\/origin_244709_sMn3k.jpeg&quot;,&quot;featured_id&quot;:0,&quot;mediatype&quot;:&quot;audio&quot;,&quot;season&quot;:0,&quot;categories&quot;:[],&quot;duration&quot;:&quot;30:30&quot;,&quot;episodetype&quot;:&quot;full&quot;,&quot;timestamp&quot;:1739454257,&quot;key&quot;:&quot;50611038a7a51c741ae3c85f9edcd5ab&quot;,&quot;fset&quot;:&quot;&quot;,&quot;fratio&quot;:1},&quot;ppe-9370-4&quot;:{&quot;title&quot;:&quot;Club th\\u00e9\\u00e2tre autonome Cendrillon&quot;,&quot;description&quot;:&quot;&lt;p&gt;Le club th\\u00e9\\u00e2tre autonomeCendrillon, extrait du livre \\u00ab\\u00a0Il \\u00e9tait une autre fois\\u00a0\\u00bb\\u00e9crit par anne fleur Multonde la maison d&rsquo;\\u00e9dition \\u00ab\\u00a0on ne compte pas pour du beurre\\u00a0\\u00bb qui r\\u00e9\\u00e9crit les contes de mani\\u00e8re inclusive&lt;\\\/p&gt;\\n&quot;,&quot;author&quot;:&quot;Les pieds dans le plateau&quot;,&quot;date&quot;:&quot;13 janvier 2025&quot;,&quot;link&quot;:&quot;https:\\\/\\\/audioblog.arteradio.com\\\/blog\\\/196960\\\/podcast\\\/242617&quot;,&quot;src&quot;:&quot;https:\\\/\\\/sons-audioblogs.arte.tv\\\/audioblogs\\\/v2\\\/sons\\\/196960\\\/242617\\\/podcast_242617_7YzIa.mp3&quot;,&quot;featured&quot;:&quot;https:\\\/\\\/sons-audioblogs.arte.tv\\\/audioblogs\\\/v2\\\/sons\\\/196960\\\/242617\\\/origin_242617_2X2A3.png&quot;,&quot;featured_id&quot;:0,&quot;mediatype&quot;:&quot;audio&quot;,&quot;season&quot;:0,&quot;categories&quot;:[],&quot;duration&quot;:&quot;21:46&quot;,&quot;episodetype&quot;:&quot;full&quot;,&quot;timestamp&quot;:1736764945,&quot;key&quot;:&quot;c2d044028d39db18a115d4ea6f2b5182&quot;,&quot;fset&quot;:&quot;&quot;,&quot;fratio&quot;:1},&quot;ppe-9370-5&quot;:{&quot;title&quot;:&quot;Club de Th\\u00e9\\u00e2tre Autonome&quot;,&quot;description&quot;:&quot;&lt;p&gt;Club de Th\\u00e9\\u00e2tre Autonome&lt;\\\/p&gt;\\n&quot;,&quot;author&quot;:&quot;Les pieds dans le plateau&quot;,&quot;date&quot;:&quot;3 d\\u00e9cembre 2024&quot;,&quot;link&quot;:&quot;https:\\\/\\\/audioblog.arteradio.com\\\/blog\\\/196960\\\/podcast\\\/239978&quot;,&quot;src&quot;:&quot;https:\\\/\\\/sons-audioblogs.arte.tv\\\/audioblogs\\\/v2\\\/sons\\\/196960\\\/239978\\\/podcast_239978_hFx8u.mp3&quot;,&quot;featured&quot;:&quot;https:\\\/\\\/sons-audioblogs.arte.tv\\\/audioblogs\\\/v2\\\/sons\\\/196960\\\/239978\\\/origin_239978_fE40a.jpeg&quot;,&quot;featured_id&quot;:0,&quot;mediatype&quot;:&quot;audio&quot;,&quot;season&quot;:0,&quot;categories&quot;:[],&quot;duration&quot;:&quot;32:33&quot;,&quot;episodetype&quot;:&quot;full&quot;,&quot;timestamp&quot;:1733251608,&quot;key&quot;:&quot;247b7df2670c0a62278d2c688f2363c9&quot;,&quot;fset&quot;:&quot;&quot;,&quot;fratio&quot;:1},&quot;ppe-9370-6&quot;:{&quot;title&quot;:&quot;Club de theatre autonome, M\\u00e9d\\u00e9e et Cie&quot;,&quot;description&quot;:&quot;&lt;p&gt;Deux interpr\\u00e9tations par le club de th\\u00e9\\u00e2tre autonome :- la tendresse &#8211; M\\u00e9d\\u00e9e de Judith Bordas&lt;\\\/p&gt;\\n&quot;,&quot;author&quot;:&quot;Les pieds dans le plateau&quot;,&quot;date&quot;:&quot;6 novembre 2024&quot;,&quot;link&quot;:&quot;https:\\\/\\\/audioblog.arteradio.com\\\/blog\\\/196960\\\/podcast\\\/238164&quot;,&quot;src&quot;:&quot;https:\\\/\\\/sons-audioblogs.arte.tv\\\/audioblogs\\\/v2\\\/sons\\\/196960\\\/238164\\\/podcast_238164_bGgP7.mp3&quot;,&quot;featured&quot;:&quot;https:\\\/\\\/sons-audioblogs.arte.tv\\\/audioblogs\\\/v2\\\/sons\\\/196960\\\/238164\\\/origin_238164_8DmId.jpeg&quot;,&quot;featured_id&quot;:0,&quot;mediatype&quot;:&quot;audio&quot;,&quot;season&quot;:0,&quot;categories&quot;:[],&quot;duration&quot;:&quot;40:27&quot;,&quot;episodetype&quot;:&quot;full&quot;,&quot;timestamp&quot;:1730912504,&quot;key&quot;:&quot;d0e0ce1f55092e290e9eec34cb5ca498&quot;,&quot;fset&quot;:&quot;&quot;,&quot;fratio&quot;:1},&quot;ppe-9370-7&quot;:{&quot;title&quot;:&quot;Club th\\u00e9\\u00e2tre autonome #2&quot;,&quot;description&quot;:&quot;&lt;p&gt;Danser dans mon petit salon sans me poser de question, de Maxime Potard Capitta&lt;\\\/p&gt;\\n&quot;,&quot;author&quot;:&quot;Les pieds dans le plateau&quot;,&quot;date&quot;:&quot;18 juin 2024&quot;,&quot;link&quot;:&quot;https:\\\/\\\/audioblog.arteradio.com\\\/blog\\\/196960\\\/podcast\\\/231966&quot;,&quot;src&quot;:&quot;https:\\\/\\\/sons-audioblogs.arte.tv\\\/audioblogs\\\/v2\\\/sons\\\/196960\\\/231966\\\/podcast_231966_mEq3s.mp3&quot;,&quot;featured&quot;:&quot;https:\\\/\\\/sons-audioblogs.arte.tv\\\/audioblogs\\\/v2\\\/sons\\\/196960\\\/231966\\\/origin_231966_5LvXq.jpeg&quot;,&quot;featured_id&quot;:0,&quot;mediatype&quot;:&quot;audio&quot;,&quot;season&quot;:0,&quot;categories&quot;:[],&quot;duration&quot;:&quot;23:49&quot;,&quot;episodetype&quot;:&quot;full&quot;,&quot;timestamp&quot;:1718701799,&quot;key&quot;:&quot;87e75db8c051659f85477c07a5e06547&quot;,&quot;fset&quot;:&quot;&quot;,&quot;fratio&quot;:1},&quot;ppe-9370-8&quot;:{&quot;title&quot;:&quot;Club th\\u00e9\\u00e2tre autonome #1 Nucl\\u00e9aire solitude&quot;,&quot;description&quot;:&quot;&lt;p&gt;Une nouvelle \\u00e9mission \\u00e0 la radio : le club th\\u00e9\\u00e2tre autonome !Extraits de Nucl\\u00e9aire solitude du comit\\u00e9 imbaisable&lt;\\\/p&gt;\\n&quot;,&quot;author&quot;:&quot;Les pieds dans le plateau&quot;,&quot;date&quot;:&quot;21 mai 2024&quot;,&quot;link&quot;:&quot;https:\\\/\\\/audioblog.arteradio.com\\\/blog\\\/196960\\\/podcast\\\/229277&quot;,&quot;src&quot;:&quot;https:\\\/\\\/sons-audioblogs.arte.tv\\\/audioblogs\\\/v2\\\/sons\\\/196960\\\/229277\\\/podcast_229277_pWb4q.mp3&quot;,&quot;featured&quot;:&quot;https:\\\/\\\/sons-audioblogs.arte.tv\\\/audioblogs\\\/v2\\\/sons\\\/196960\\\/229277\\\/origin_229277_tTbP2.png&quot;,&quot;featured_id&quot;:0,&quot;mediatype&quot;:&quot;audio&quot;,&quot;season&quot;:0,&quot;categories&quot;:[],&quot;duration&quot;:&quot;27:56&quot;,&quot;episodetype&quot;:&quot;full&quot;,&quot;timestamp&quot;:1716285588,&quot;key&quot;:&quot;26d64946b988852ebf9a4204f444808e&quot;,&quot;fset&quot;:&quot;&quot;,&quot;fratio&quot;:1},&quot;load_info&quot;:{&quot;loaded&quot;:8,&quot;displayed&quot;:10,&quot;offset&quot;:0,&quot;maxItems&quot;:8,&quot;src&quot;:&quot;d7c8cb3190147f282d8c01e1cee58f3d&quot;,&quot;step&quot;:10,&quot;sortby&quot;:&quot;sort_date_desc&quot;,&quot;filterby&quot;:&quot;club&quot;,&quot;fixed&quot;:&quot;&quot;,&quot;args&quot;:{&quot;imgurl&quot;:&quot;https:\\\/\\\/back-audioblog.arteradio.com\\\/sites\\\/default\\\/files\\\/pictures\\\/origin_196960_g5wBj.jpg&quot;,&quot;imgset&quot;:&quot;&quot;,&quot;display&quot;:&quot;&quot;,&quot;hddesc&quot;:0,&quot;hdfeat&quot;:0,&quot;oricov&quot;:&quot;https:\\\/\\\/back-audioblog.arteradio.com\\\/sites\\\/default\\\/files\\\/pictures\\\/origin_196960_g5wBj.jpg&quot;,&quot;elength&quot;:18}},&quot;rdata&quot;:{&quot;permalink&quot;:&quot;https:\\\/\\\/lespiedsdansleplateau.fr\\\/wp-json\\\/wp\\\/v2\\\/pages\\\/620&quot;,&quot;fprint&quot;:&quot;d7c8cb3190147f282d8c01e1cee58f3d&quot;,&quot;from&quot;:&quot;feedurl&quot;,&quot;elen&quot;:18,&quot;eunit&quot;:&quot;&quot;,&quot;teaser&quot;:&quot;&quot;,&quot;title&quot;:&quot;Les pieds dans le plateau&quot;,&quot;autoplay&quot;:&quot;autoplay&quot;}}\"><div class=\"pp-podcast__wrapper\"><div class=\"pp-podcast__info pod-info\"><div class=\"pod-info__header pod-header\"><div class=\"pod-header__image\"><div class=\"pod-header__image-wrapper\"><img decoding=\"async\" class=\"podcast-cover-image\" src=\"https:\/\/back-audioblog.arteradio.com\/sites\/default\/files\/pictures\/origin_196960_g5wBj.jpg\" srcset=\"\" sizes=\"(max-width: 640px) 100vw, 25vw\" alt=\"Les pieds dans le plateau\"><\/div><span class=\"pod-header__image-style\" style=\"display: block; width: 100%; padding-top: 100%\"><\/div><div class=\"pod-header__items pod-items\"><div class=\"pod-items__title\">Les pieds dans le plateau<\/div><div class=\"pod-items__desc\"><p>Et si on faisait de la radio ?Une vingtaine de personnes ont d\u00e9cid\u00e9 de cr\u00e9er une radio associative et libre dans le Bugey. Suivez leurs p\u00e9r\u00e9grinations radiophoniques !<\/p>\n<\/div><\/div><\/div><\/div><div class=\"pp-podcast__content pod-content\"><div class=\"pp-podcast__single\"><div class=\"pp-podcast__player\"><div class=\"pp-player-episode\"><audio id=\"pp-podcast-9370-player\" preload=\"none\" class=\"pp-podcast-episode\" style=\"width: 100%;\" controls=\"controls\"><source type=\"audio\/mpeg\" src=\"https:\/\/sons-audioblogs.arte.tv\/audioblogs\/v2\/sons\/196960\/267221\/podcast_267221_gDy0k.mp3\" \/><\/audio><\/div><\/div><div class=\"pod-content__episode episode-single\"><button class=\"episode-single__close\" aria-expanded=\"false\" aria-label=\"Close Single Episode\"><span class=\"btn-icon-wrap\"><svg class=\"icon icon-pp-x\" aria-hidden=\"true\" role=\"img\" focusable=\"false\"><use href=\"#icon-pp-x\" xlink:href=\"#icon-pp-x\"><\/use><\/svg><\/span><\/button><div class=\"episode-single__wrapper\"><div class=\"episode-single__header\"><div class=\"episode-single__title\">13 Club th\u00e9\u00e2tre autonome manuel de d\u00e9noyade #LPDLanniv<\/div><div class=\"episode-single__author\"><span class=\"byname\">by<\/span><span class=\"single-author\">Les pieds dans le plateau<\/span><\/div><\/div><div class=\"episode-single__description\"><p>Manuel de d\u00e9-noyadeextraits du livre Non-noy\u00e9es le\u00e7ons de f\u00e9ministes noires apprises aupr\u00e8s des mammif\u00e8res marinesd&rsquo;Alexis Pauline Gumbs<\/p><\/div><\/div><div class=\"ppjs__img-wrapper \"><div class=\"ppjs__img-btn-cover\"><img decoding=\"async\" class=\"ppjs__img-btn\" src=\"https:\/\/lespiedsdansleplateau.fr\/wp-content\/uploads\/2026\/04\/podcast-episode-image-e0ea3cb00459151821be1c7dd08ea9ce.jpg\" srcset=\"https:\/\/lespiedsdansleplateau.fr\/wp-content\/uploads\/2026\/04\/podcast-episode-image-e0ea3cb00459151821be1c7dd08ea9ce.jpg 707w, https:\/\/lespiedsdansleplateau.fr\/wp-content\/uploads\/2026\/04\/podcast-episode-image-e0ea3cb00459151821be1c7dd08ea9ce-207x300.jpg 207w\" sizes=\"(max-width: 640px) 100vw, 300px\" alt=\"13 Club th\u00e9\u00e2tre autonome manuel de d\u00e9noyade #LPDLanniv\"><\/div><div><span class=\"ppjs__img-btn-style\" style=\"display: block; width: 100%; padding-top: 144.84375%\"><\/div><\/div><\/div><\/div><div class=\"pod-content__list episode-list\"><div class=\"episode-list__filters\"><div class=\"episode-list__search\"><label class=\"label-episode-search\"><span class=\"ppjs__offscreen\">Search Episodes<\/span><input type=\"text\" placeholder=\"Search Episodes\" title=\"Search Podcast Episodes\"\/><\/label><span class=\"episode-list__search-icon\"><svg class=\"icon icon-pp-search\" aria-hidden=\"true\" role=\"img\" focusable=\"false\"><use href=\"#icon-pp-search\" xlink:href=\"#icon-pp-search\"><\/use><\/svg><\/span><\/div><button class=\"episode-list__clear-search pod-button\"><svg class=\"icon icon-pp-x\" aria-hidden=\"true\" role=\"img\" focusable=\"false\"><use href=\"#icon-pp-x\" xlink:href=\"#icon-pp-x\"><\/use><\/svg><span class=\"ppjs__offscreen\">Clear Search<\/span><\/button><\/div><div class=\"episode-list__wrapper\">\n<div id=\"ppe-9370-1\" class=\"episode-list__entry pod-entry\" data-search-term=\"13 club th\u00e9\u00e2tre autonome manuel de d\u00e9noyade #lpdlanniv\" data-cats=\"\">\n\t<div class=\"pod-entry__wrapper\">\n\t\t<div class=\"pod-entry__content\">\n\t\t\t<div class=\"pod-entry__title\">\n\t\t\t\t<a href=\"https:\/\/audioblog.arteradio.com\/blog\/196960\/podcast\/267221\">13 Club th\u00e9\u00e2tre autonome manuel de d\u00e9noyade #LPDLanniv<\/a>\n\t\t\t<\/div>\n\t\t\t<div class=\"pod-entry__date\">21 janvier 2026<\/div>\n\t\t\t\t\t\t\t<div class=\"pod-entry__author\">Les pieds dans le plateau<\/div>\n\t\t\t\t\t<\/div>\n\t<\/div>\n<\/div>\n\n<div id=\"ppe-9370-2\" class=\"episode-list__entry pod-entry\" data-search-term=\"club th\u00e9\u00e2tre autonome, cendrillon\" data-cats=\"\">\n\t<div class=\"pod-entry__wrapper\">\n\t\t<div class=\"pod-entry__content\">\n\t\t\t<div class=\"pod-entry__title\">\n\t\t\t\t<a href=\"https:\/\/audioblog.arteradio.com\/blog\/196960\/podcast\/249894\">Club th\u00e9\u00e2tre autonome, Cendrillon<\/a>\n\t\t\t<\/div>\n\t\t\t<div class=\"pod-entry__date\">23 avril 2025<\/div>\n\t\t\t\t\t\t\t<div class=\"pod-entry__author\">Les pieds dans le plateau<\/div>\n\t\t\t\t\t<\/div>\n\t<\/div>\n<\/div>\n\n<div id=\"ppe-9370-3\" class=\"episode-list__entry pod-entry\" data-search-term=\"club de th\u00e9\u00e2tre autonome:  m\u00e9d\u00e9e superstar\" data-cats=\"\">\n\t<div class=\"pod-entry__wrapper\">\n\t\t<div class=\"pod-entry__content\">\n\t\t\t<div class=\"pod-entry__title\">\n\t\t\t\t<a href=\"https:\/\/audioblog.arteradio.com\/blog\/196960\/podcast\/244709\">Club de Th\u00e9\u00e2tre Autonome:  M\u00e9d\u00e9e SUPERSTAR<\/a>\n\t\t\t<\/div>\n\t\t\t<div class=\"pod-entry__date\">13 f\u00e9vrier 2025<\/div>\n\t\t\t\t\t\t\t<div class=\"pod-entry__author\">Les pieds dans le plateau<\/div>\n\t\t\t\t\t<\/div>\n\t<\/div>\n<\/div>\n\n<div id=\"ppe-9370-4\" class=\"episode-list__entry pod-entry\" data-search-term=\"club th\u00e9\u00e2tre autonome cendrillon\" data-cats=\"\">\n\t<div class=\"pod-entry__wrapper\">\n\t\t<div class=\"pod-entry__content\">\n\t\t\t<div class=\"pod-entry__title\">\n\t\t\t\t<a href=\"https:\/\/audioblog.arteradio.com\/blog\/196960\/podcast\/242617\">Club th\u00e9\u00e2tre autonome Cendrillon<\/a>\n\t\t\t<\/div>\n\t\t\t<div class=\"pod-entry__date\">13 janvier 2025<\/div>\n\t\t\t\t\t\t\t<div class=\"pod-entry__author\">Les pieds dans le plateau<\/div>\n\t\t\t\t\t<\/div>\n\t<\/div>\n<\/div>\n\n<div id=\"ppe-9370-5\" class=\"episode-list__entry pod-entry\" data-search-term=\"club de th\u00e9\u00e2tre autonome\" data-cats=\"\">\n\t<div class=\"pod-entry__wrapper\">\n\t\t<div class=\"pod-entry__content\">\n\t\t\t<div class=\"pod-entry__title\">\n\t\t\t\t<a href=\"https:\/\/audioblog.arteradio.com\/blog\/196960\/podcast\/239978\">Club de Th\u00e9\u00e2tre Autonome<\/a>\n\t\t\t<\/div>\n\t\t\t<div class=\"pod-entry__date\">3 d\u00e9cembre 2024<\/div>\n\t\t\t\t\t\t\t<div class=\"pod-entry__author\">Les pieds dans le plateau<\/div>\n\t\t\t\t\t<\/div>\n\t<\/div>\n<\/div>\n\n<div id=\"ppe-9370-6\" class=\"episode-list__entry pod-entry\" data-search-term=\"club de theatre autonome, m\u00e9d\u00e9e et cie\" data-cats=\"\">\n\t<div class=\"pod-entry__wrapper\">\n\t\t<div class=\"pod-entry__content\">\n\t\t\t<div class=\"pod-entry__title\">\n\t\t\t\t<a href=\"https:\/\/audioblog.arteradio.com\/blog\/196960\/podcast\/238164\">Club de theatre autonome, M\u00e9d\u00e9e et Cie<\/a>\n\t\t\t<\/div>\n\t\t\t<div class=\"pod-entry__date\">6 novembre 2024<\/div>\n\t\t\t\t\t\t\t<div class=\"pod-entry__author\">Les pieds dans le plateau<\/div>\n\t\t\t\t\t<\/div>\n\t<\/div>\n<\/div>\n\n<div id=\"ppe-9370-7\" class=\"episode-list__entry pod-entry\" data-search-term=\"club th\u00e9\u00e2tre autonome #2\" data-cats=\"\">\n\t<div class=\"pod-entry__wrapper\">\n\t\t<div class=\"pod-entry__content\">\n\t\t\t<div class=\"pod-entry__title\">\n\t\t\t\t<a href=\"https:\/\/audioblog.arteradio.com\/blog\/196960\/podcast\/231966\">Club th\u00e9\u00e2tre autonome #2<\/a>\n\t\t\t<\/div>\n\t\t\t<div class=\"pod-entry__date\">18 juin 2024<\/div>\n\t\t\t\t\t\t\t<div class=\"pod-entry__author\">Les pieds dans le plateau<\/div>\n\t\t\t\t\t<\/div>\n\t<\/div>\n<\/div>\n\n<div id=\"ppe-9370-8\" class=\"episode-list__entry pod-entry\" data-search-term=\"club th\u00e9\u00e2tre autonome #1 nucl\u00e9aire solitude\" data-cats=\"\">\n\t<div class=\"pod-entry__wrapper\">\n\t\t<div class=\"pod-entry__content\">\n\t\t\t<div class=\"pod-entry__title\">\n\t\t\t\t<a href=\"https:\/\/audioblog.arteradio.com\/blog\/196960\/podcast\/229277\">Club th\u00e9\u00e2tre autonome #1 Nucl\u00e9aire solitude<\/a>\n\t\t\t<\/div>\n\t\t\t<div class=\"pod-entry__date\">21 mai 2024<\/div>\n\t\t\t\t\t\t\t<div class=\"pod-entry__author\">Les pieds dans le plateau<\/div>\n\t\t\t\t\t<\/div>\n\t<\/div>\n<\/div>\n<div class=\"episode-list__search-results episode-search\"><span class=\"ppjs__offscreen\">Search Results placeholder<\/span><\/div><\/div><\/div><div class=\"ppjs__list-reveal\"><div class=\"ppjs__button\"><button class=\"pp-prev-btn\"><span class=\"ppjs__offscreen\">Previous Episode<\/span><span class=\"btn-icon-wrap\"><svg class=\"icon icon-pp-previous\" aria-hidden=\"true\" role=\"img\" focusable=\"false\"><use href=\"#icon-pp-previous\" xlink:href=\"#icon-pp-previous\"><\/use><\/svg><\/span><\/button><\/div><div class=\"ppjs__button\"><button class=\"pp-list-btn\"><span class=\"ppjs__offscreen\">Show Episodes List<\/span><span class=\"btn-icon-wrap\"><svg class=\"icon icon-pp-show-list\" aria-hidden=\"true\" role=\"img\" focusable=\"false\"><use href=\"#icon-pp-show-list\" xlink:href=\"#icon-pp-show-list\"><\/use><\/svg><svg class=\"icon icon-pp-hide-list\" aria-hidden=\"true\" role=\"img\" focusable=\"false\"><use href=\"#icon-pp-hide-list\" xlink:href=\"#icon-pp-hide-list\"><\/use><\/svg><\/span><\/button><\/div><div class=\"ppjs__button\"><button class=\"pp-next-btn\"><span class=\"ppjs__offscreen\">Next Episode<\/span><span class=\"btn-icon-wrap\"><svg class=\"icon icon-pp-next\" aria-hidden=\"true\" role=\"img\" focusable=\"false\"><use href=\"#icon-pp-next\" xlink:href=\"#icon-pp-next\"><\/use><\/svg><\/span><\/button><\/div><\/div><\/div><\/div><div class=\"pod-content__launcher pod-launch\"><button class=\"pod-launch__button pod-launch__info pod-button\" aria-expanded=\"false\"><span class=\"ppjs__offscreen\">Show Podcast Information<\/span><span class=\"btn-icon-wrap\"><svg class=\"icon icon-pp-podcast\" aria-hidden=\"true\" role=\"img\" focusable=\"false\"><use href=\"#icon-pp-podcast\" xlink:href=\"#icon-pp-podcast\"><\/use><\/svg><svg class=\"icon icon-pp-x\" aria-hidden=\"true\" role=\"img\" focusable=\"false\"><use href=\"#icon-pp-x\" xlink:href=\"#icon-pp-x\"><\/use><\/svg><\/span><\/button><\/div><\/div>\n","protected":false},"excerpt":{"rendered":"","protected":false},"author":1,"featured_media":0,"parent":0,"menu_order":0,"comment_status":"closed","ping_status":"closed","template":"","meta":{"footnotes":""},"class_list":["post-620","page","type-page","status-publish","hentry"],"_links":{"self":[{"href":"https:\/\/lespiedsdansleplateau.fr\/index.php\/wp-json\/wp\/v2\/pages\/620","targetHints":{"allow":["GET"]}}],"collection":[{"href":"https:\/\/lespiedsdansleplateau.fr\/index.php\/wp-json\/wp\/v2\/pages"}],"about":[{"href":"https:\/\/lespiedsdansleplateau.fr\/index.php\/wp-json\/wp\/v2\/types\/page"}],"author":[{"embeddable":true,"href":"https:\/\/lespiedsdansleplateau.fr\/index.php\/wp-json\/wp\/v2\/users\/1"}],"replies":[{"embeddable":true,"href":"https:\/\/lespiedsdansleplateau.fr\/index.php\/wp-json\/wp\/v2\/comments?post=620"}],"version-history":[{"count":1,"href":"https:\/\/lespiedsdansleplateau.fr\/index.php\/wp-json\/wp\/v2\/pages\/620\/revisions"}],"predecessor-version":[{"id":621,"href":"https:\/\/lespiedsdansleplateau.fr\/index.php\/wp-json\/wp\/v2\/pages\/620\/revisions\/621"}],"wp:attachment":[{"href":"https:\/\/lespiedsdansleplateau.fr\/index.php\/wp-json\/wp\/v2\/media?parent=620"}],"curies":[{"name":"wp","href":"https:\/\/api.w.org\/{rel}","templated":true}]}}