{"id":882,"date":"2026-04-01T16:43:13","date_gmt":"2026-04-01T14:43:13","guid":{"rendered":"https:\/\/lespiedsdansleplateau.fr\/?page_id=882"},"modified":"2026-04-01T16:43:14","modified_gmt":"2026-04-01T14:43:14","slug":"speciales","status":"publish","type":"page","link":"https:\/\/lespiedsdansleplateau.fr\/index.php\/speciales\/","title":{"rendered":"Sp\u00e9ciales"},"content":{"rendered":"\t\t\t<style type=\"text\/css\"><\/style>\n\t\t\t<div id=\"pp-podcast-9072\" class=\"pp-podcast has-header header-hidden has-featured playerview media-audio\"  data-teaser=\"\" data-elength=\"18\" data-eunit=\"\" data-ppsdata=\"{&quot;ppe-9072-1&quot;:{&quot;title&quot;:&quot;David Lynch et moi @SP&quot;,&quot;description&quot;:&quot;&lt;p&gt;\\u00ab David Lynch et moi \\u00bb17 janvier 2025 : David Lynch est mort. Je rentre de Lyon et croise diff\\u00e9rentes personnes sur la route d\\u2019Hauteville.Entre r\\u00e9alit\\u00e9 et fiction, un hommage \\u00e0 celui qui m\\u2019a donn\\u00e9 la vocation de faiseuse de sons.&lt;\\\/p&gt;\\n&quot;,&quot;author&quot;:&quot;Les pieds dans le plateau&quot;,&quot;date&quot;:&quot;12 mars 2025&quot;,&quot;link&quot;:&quot;https:\\\/\\\/audioblog.arteradio.com\\\/blog\\\/196960\\\/podcast\\\/246726&quot;,&quot;src&quot;:&quot;https:\\\/\\\/sons-audioblogs.arte.tv\\\/audioblogs\\\/v2\\\/sons\\\/196960\\\/246726\\\/podcast_246726_8ArZb.mp3&quot;,&quot;featured&quot;:&quot;https:\\\/\\\/lespiedsdansleplateau.fr\\\/wp-content\\\/uploads\\\/2026\\\/04\\\/podcast-episode-image-6796d4d459762064c98c117eacac07dd-768x512.jpg&quot;,&quot;featured_id&quot;:885,&quot;mediatype&quot;:&quot;audio&quot;,&quot;season&quot;:0,&quot;categories&quot;:[],&quot;duration&quot;:&quot;19:14&quot;,&quot;episodetype&quot;:&quot;full&quot;,&quot;timestamp&quot;:1741818694,&quot;key&quot;:&quot;f6551a691ce66b74be6b810ed1ce47ee&quot;,&quot;fset&quot;:&quot;https:\\\/\\\/lespiedsdansleplateau.fr\\\/wp-content\\\/uploads\\\/2026\\\/04\\\/podcast-episode-image-6796d4d459762064c98c117eacac07dd-768x512.jpg 768w, https:\\\/\\\/lespiedsdansleplateau.fr\\\/wp-content\\\/uploads\\\/2026\\\/04\\\/podcast-episode-image-6796d4d459762064c98c117eacac07dd-300x200.jpg 300w, https:\\\/\\\/lespiedsdansleplateau.fr\\\/wp-content\\\/uploads\\\/2026\\\/04\\\/podcast-episode-image-6796d4d459762064c98c117eacac07dd.jpg 1024w&quot;,&quot;fratio&quot;:0.6671875},&quot;ppe-9072-2&quot;:{&quot;title&quot;:&quot;Boire @SP&quot;,&quot;description&quot;:&quot;&lt;p&gt;Boire- quelques chiffres et un questionnaire : avez-vous un probl\\u00e8me avec l&rsquo;alcool?- micro-caf\\u00e9 : et vous, c&rsquo;est quoi votre rapport \\u00e0 l&rsquo;alcool- t\\u00e9moignage : mon p\\u00e8re violent- t\\u00e9moignage : c&rsquo;est marrant l&rsquo;alcool ?- Lecture d&rsquo;extraits de \\u00ab\\u00a0boire\\u00a0\\u00bb de Fabienne Swiatly, \\u00e9dition la fosse aux ours- t\\u00e9moignage : comment se faire aider pour un probl\\u00e8me d&rsquo;addiction \\u00e0 BelleyMusiques- Boire de Rachid Taha- V\\u00e9lo de sages comme des sauvages- la r\\u00e9serve de sages comme des sauvages- drunken butterfly de Sonic Youth&lt;\\\/p&gt;\\n&quot;,&quot;author&quot;:&quot;Les pieds dans le plateau&quot;,&quot;date&quot;:&quot;13 janvier 2025&quot;,&quot;link&quot;:&quot;https:\\\/\\\/audioblog.arteradio.com\\\/blog\\\/196960\\\/podcast\\\/242644&quot;,&quot;src&quot;:&quot;https:\\\/\\\/sons-audioblogs.arte.tv\\\/audioblogs\\\/v2\\\/sons\\\/196960\\\/242644\\\/podcast_242644_5M0Os.mp3&quot;,&quot;featured&quot;:&quot;https:\\\/\\\/sons-audioblogs.arte.tv\\\/audioblogs\\\/v2\\\/sons\\\/196960\\\/242644\\\/origin_242644_p2z0l.png&quot;,&quot;featured_id&quot;:0,&quot;mediatype&quot;:&quot;audio&quot;,&quot;season&quot;:0,&quot;categories&quot;:[],&quot;duration&quot;:&quot;47:43&quot;,&quot;episodetype&quot;:&quot;full&quot;,&quot;timestamp&quot;:1736775281,&quot;key&quot;:&quot;9a026f38d90b4788a7cf822c510b5eb9&quot;,&quot;fset&quot;:&quot;&quot;,&quot;fratio&quot;:1},&quot;ppe-9072-3&quot;:{&quot;title&quot;:&quot;Les Sons de Nico Poisson @SP&quot;,&quot;description&quot;:&quot;&lt;p&gt;Nico Poisson, musicien dans les groupes Ned, Totale Eclipse, The Rubiks (tous trois disparus), Betelgeuse et Sathon\\u00e4y. Participe au projet du label S.K. Records et du collectif Grnd Zero. Vous pourrez \\u00e9couter ici son interview et un morceau live.&lt;\\\/p&gt;\\n&quot;,&quot;author&quot;:&quot;Les pieds dans le plateau&quot;,&quot;date&quot;:&quot;6 f\\u00e9vrier 2024&quot;,&quot;link&quot;:&quot;https:\\\/\\\/audioblog.arteradio.com\\\/blog\\\/196960\\\/podcast\\\/221098&quot;,&quot;src&quot;:&quot;https:\\\/\\\/sons-audioblogs.arte.tv\\\/audioblogs\\\/v2\\\/sons\\\/196960\\\/221098\\\/podcast_221098_qHdSz.mp3&quot;,&quot;featured&quot;:&quot;https:\\\/\\\/sons-audioblogs.arte.tv\\\/audioblogs\\\/v2\\\/sons\\\/196960\\\/221098\\\/origin_221098_3PfH1.jpeg&quot;,&quot;featured_id&quot;:0,&quot;mediatype&quot;:&quot;audio&quot;,&quot;season&quot;:0,&quot;categories&quot;:[],&quot;duration&quot;:&quot;01:22:43&quot;,&quot;episodetype&quot;:&quot;full&quot;,&quot;timestamp&quot;:1707247821,&quot;key&quot;:&quot;82f0c574d6eb2044e9fe80fede3c9911&quot;,&quot;fset&quot;:&quot;&quot;,&quot;fratio&quot;:1},&quot;ppe-9072-4&quot;:{&quot;title&quot;:&quot;Et toi, t\\u2019\\u00e9tais au d\\u00e9fil\\u00e9 ? @SP&quot;,&quot;description&quot;:&quot;&lt;p&gt;Retour sur le d\\u00e9fil\\u00e9 de mode rurale de septembre 2023&lt;\\\/p&gt;\\n&quot;,&quot;author&quot;:&quot;Les pieds dans le plateau&quot;,&quot;date&quot;:&quot;14 janvier 2024&quot;,&quot;link&quot;:&quot;https:\\\/\\\/audioblog.arteradio.com\\\/blog\\\/196960\\\/podcast\\\/219338&quot;,&quot;src&quot;:&quot;https:\\\/\\\/sons-audioblogs.arte.tv\\\/audioblogs\\\/v2\\\/sons\\\/196960\\\/219338\\\/podcast_219338_9C9H8.mp3&quot;,&quot;featured&quot;:&quot;https:\\\/\\\/sons-audioblogs.arte.tv\\\/audioblogs\\\/v2\\\/sons\\\/196960\\\/219338\\\/origin_219338_tY4Om.jpeg&quot;,&quot;featured_id&quot;:0,&quot;mediatype&quot;:&quot;audio&quot;,&quot;season&quot;:0,&quot;categories&quot;:[],&quot;duration&quot;:&quot;59:33&quot;,&quot;episodetype&quot;:&quot;full&quot;,&quot;timestamp&quot;:1705246037,&quot;key&quot;:&quot;9976101b3557a3a82ad36890434e92b9&quot;,&quot;fset&quot;:&quot;&quot;,&quot;fratio&quot;:1},&quot;ppe-9072-5&quot;:{&quot;title&quot;:&quot;Balade subaquatique @SP&quot;,&quot;description&quot;:&quot;&lt;p&gt;Ahmed prom\\u00e8ne ses micros dans la rivi\\u00e8re \\u00e0 Virieu le Grand&lt;\\\/p&gt;\\n&quot;,&quot;author&quot;:&quot;Les pieds dans le plateau&quot;,&quot;date&quot;:&quot;20 avril 2023&quot;,&quot;link&quot;:&quot;https:\\\/\\\/audioblog.arteradio.com\\\/blog\\\/196960\\\/podcast\\\/203005&quot;,&quot;src&quot;:&quot;https:\\\/\\\/sons-audioblogs.arte.tv\\\/audioblogs\\\/v2\\\/sons\\\/196960\\\/203005\\\/podcast_203005_qVmJ9.mp3&quot;,&quot;featured&quot;:&quot;https:\\\/\\\/sons-audioblogs.arte.tv\\\/audioblogs\\\/v2\\\/sons\\\/196960\\\/203005\\\/origin_203005_21q9n.png&quot;,&quot;featured_id&quot;:0,&quot;mediatype&quot;:&quot;audio&quot;,&quot;season&quot;:0,&quot;categories&quot;:[],&quot;duration&quot;:&quot;05:55&quot;,&quot;episodetype&quot;:&quot;full&quot;,&quot;timestamp&quot;:1681985543,&quot;key&quot;:&quot;d1f9731fd384bf53eeaf740ab32e555b&quot;,&quot;fset&quot;:&quot;&quot;,&quot;fratio&quot;:1},&quot;ppe-9072-6&quot;:{&quot;title&quot;:&quot;Naissance d&rsquo;une radio @SP&quot;,&quot;description&quot;:&quot;&lt;p&gt;En direct du grand V, on raconte la naissance de notre radio, les pieds dans le plateau, en comparaison avec deux autres radios : Radio Canut \\u00e0 Lyon et Radio d&rsquo;Ici dans le Pilat.&lt;\\\/p&gt;\\n&quot;,&quot;author&quot;:&quot;Les pieds dans le plateau&quot;,&quot;date&quot;:&quot;18 avril 2023&quot;,&quot;link&quot;:&quot;https:\\\/\\\/audioblog.arteradio.com\\\/blog\\\/196960\\\/podcast\\\/202886&quot;,&quot;src&quot;:&quot;https:\\\/\\\/sons-audioblogs.arte.tv\\\/audioblogs\\\/v2\\\/sons\\\/196960\\\/202886\\\/podcast_202886_2O8Jg.mp3&quot;,&quot;featured&quot;:&quot;https:\\\/\\\/sons-audioblogs.arte.tv\\\/audioblogs\\\/v2\\\/sons\\\/196960\\\/202886\\\/origin_202886_vIzRy.png&quot;,&quot;featured_id&quot;:0,&quot;mediatype&quot;:&quot;audio&quot;,&quot;season&quot;:0,&quot;categories&quot;:[],&quot;duration&quot;:&quot;59:17&quot;,&quot;episodetype&quot;:&quot;full&quot;,&quot;timestamp&quot;:1681842200,&quot;key&quot;:&quot;2205f90cc15c89fc68de03cf2422ba9e&quot;,&quot;fset&quot;:&quot;&quot;,&quot;fratio&quot;:1},&quot;load_info&quot;:{&quot;loaded&quot;:6,&quot;displayed&quot;:10,&quot;offset&quot;:0,&quot;maxItems&quot;:6,&quot;src&quot;:&quot;d7c8cb3190147f282d8c01e1cee58f3d&quot;,&quot;step&quot;:10,&quot;sortby&quot;:&quot;sort_date_desc&quot;,&quot;filterby&quot;:&quot;@SP&quot;,&quot;fixed&quot;:&quot;&quot;,&quot;args&quot;:{&quot;imgurl&quot;:&quot;https:\\\/\\\/back-audioblog.arteradio.com\\\/sites\\\/default\\\/files\\\/pictures\\\/origin_196960_g5wBj.jpg&quot;,&quot;imgset&quot;:&quot;&quot;,&quot;display&quot;:&quot;&quot;,&quot;hddesc&quot;:0,&quot;hdfeat&quot;:0,&quot;oricov&quot;:&quot;https:\\\/\\\/back-audioblog.arteradio.com\\\/sites\\\/default\\\/files\\\/pictures\\\/origin_196960_g5wBj.jpg&quot;,&quot;elength&quot;:18}},&quot;rdata&quot;:{&quot;permalink&quot;:&quot;https:\\\/\\\/lespiedsdansleplateau.fr\\\/wp-json\\\/wp\\\/v2\\\/pages\\\/882&quot;,&quot;fprint&quot;:&quot;d7c8cb3190147f282d8c01e1cee58f3d&quot;,&quot;from&quot;:&quot;feedurl&quot;,&quot;elen&quot;:18,&quot;eunit&quot;:&quot;&quot;,&quot;teaser&quot;:&quot;&quot;,&quot;title&quot;:&quot;Les pieds dans le plateau&quot;,&quot;autoplay&quot;:&quot;&quot;}}\"><div class=\"pp-podcast__wrapper\"><div class=\"pp-podcast__info pod-info\"><div class=\"pod-info__header pod-header\"><div class=\"pod-header__image\"><div class=\"pod-header__image-wrapper\"><img decoding=\"async\" class=\"podcast-cover-image\" src=\"https:\/\/back-audioblog.arteradio.com\/sites\/default\/files\/pictures\/origin_196960_g5wBj.jpg\" srcset=\"\" sizes=\"(max-width: 640px) 100vw, 25vw\" alt=\"Les pieds dans le plateau\"><\/div><span class=\"pod-header__image-style\" style=\"display: block; width: 100%; padding-top: 100%\"><\/div><div class=\"pod-header__items pod-items\"><div class=\"pod-items__title\">Les pieds dans le plateau<\/div><div class=\"pod-items__desc\"><p>Et si on faisait de la radio ?Une vingtaine de personnes ont d\u00e9cid\u00e9 de cr\u00e9er une radio associative et libre dans le Bugey. Suivez leurs p\u00e9r\u00e9grinations radiophoniques !<\/p>\n<\/div><\/div><\/div><\/div><div class=\"pp-podcast__content pod-content\"><div class=\"pp-podcast__single\"><div class=\"pp-podcast__player\"><div class=\"pp-player-episode\"><audio id=\"pp-podcast-9072-player\" preload=\"none\" class=\"pp-podcast-episode\" style=\"width: 100%;\" controls=\"controls\"><source type=\"audio\/mpeg\" src=\"https:\/\/sons-audioblogs.arte.tv\/audioblogs\/v2\/sons\/196960\/246726\/podcast_246726_8ArZb.mp3\" \/><\/audio><\/div><\/div><div class=\"pod-content__episode episode-single\"><button class=\"episode-single__close\" aria-expanded=\"false\" aria-label=\"Close Single Episode\"><span class=\"btn-icon-wrap\"><svg class=\"icon icon-pp-x\" aria-hidden=\"true\" role=\"img\" focusable=\"false\"><use href=\"#icon-pp-x\" xlink:href=\"#icon-pp-x\"><\/use><\/svg><\/span><\/button><div class=\"episode-single__wrapper\"><div class=\"episode-single__header\"><div class=\"episode-single__title\">David Lynch et moi @SP<\/div><div class=\"episode-single__author\"><span class=\"byname\">by<\/span><span class=\"single-author\">Les pieds dans le plateau<\/span><\/div><\/div><div class=\"episode-single__description\"><p>\u00ab David Lynch et moi \u00bb17 janvier 2025 : David Lynch est mort. Je rentre de Lyon et croise diff\u00e9rentes personnes sur la route d\u2019Hauteville.Entre r\u00e9alit\u00e9 et fiction, un hommage \u00e0 celui qui m\u2019a donn\u00e9 la vocation de faiseuse de sons.<\/p><\/div><\/div><div class=\"ppjs__img-wrapper \"><div class=\"ppjs__img-btn-cover\"><img decoding=\"async\" class=\"ppjs__img-btn\" src=\"https:\/\/lespiedsdansleplateau.fr\/wp-content\/uploads\/2026\/04\/podcast-episode-image-6796d4d459762064c98c117eacac07dd-768x512.jpg\" srcset=\"https:\/\/lespiedsdansleplateau.fr\/wp-content\/uploads\/2026\/04\/podcast-episode-image-6796d4d459762064c98c117eacac07dd-768x512.jpg 768w, https:\/\/lespiedsdansleplateau.fr\/wp-content\/uploads\/2026\/04\/podcast-episode-image-6796d4d459762064c98c117eacac07dd-300x200.jpg 300w, https:\/\/lespiedsdansleplateau.fr\/wp-content\/uploads\/2026\/04\/podcast-episode-image-6796d4d459762064c98c117eacac07dd.jpg 1024w\" sizes=\"(max-width: 640px) 100vw, 300px\" alt=\"David Lynch et moi @SP\"><\/div><div><span class=\"ppjs__img-btn-style\" style=\"display: block; width: 100%; padding-top: 66.71875%\"><\/div><\/div><\/div><\/div><div class=\"pod-content__list episode-list\"><div class=\"episode-list__filters\"><div class=\"episode-list__search\"><label class=\"label-episode-search\"><span class=\"ppjs__offscreen\">Search Episodes<\/span><input type=\"text\" placeholder=\"Search Episodes\" title=\"Search Podcast Episodes\"\/><\/label><span class=\"episode-list__search-icon\"><svg class=\"icon icon-pp-search\" aria-hidden=\"true\" role=\"img\" focusable=\"false\"><use href=\"#icon-pp-search\" xlink:href=\"#icon-pp-search\"><\/use><\/svg><\/span><\/div><button class=\"episode-list__clear-search pod-button\"><svg class=\"icon icon-pp-x\" aria-hidden=\"true\" role=\"img\" focusable=\"false\"><use href=\"#icon-pp-x\" xlink:href=\"#icon-pp-x\"><\/use><\/svg><span class=\"ppjs__offscreen\">Clear Search<\/span><\/button><\/div><div class=\"episode-list__wrapper\">\n<div id=\"ppe-9072-1\" class=\"episode-list__entry pod-entry\" data-search-term=\"david lynch et moi @sp\" data-cats=\"\">\n\t<div class=\"pod-entry__wrapper\">\n\t\t<div class=\"pod-entry__content\">\n\t\t\t<div class=\"pod-entry__title\">\n\t\t\t\t<a href=\"https:\/\/audioblog.arteradio.com\/blog\/196960\/podcast\/246726\">David Lynch et moi @SP<\/a>\n\t\t\t<\/div>\n\t\t\t<div class=\"pod-entry__date\">12 mars 2025<\/div>\n\t\t\t\t\t\t\t<div class=\"pod-entry__author\">Les pieds dans le plateau<\/div>\n\t\t\t\t\t<\/div>\n\t<\/div>\n<\/div>\n\n<div id=\"ppe-9072-2\" class=\"episode-list__entry pod-entry\" data-search-term=\"boire @sp\" data-cats=\"\">\n\t<div class=\"pod-entry__wrapper\">\n\t\t<div class=\"pod-entry__content\">\n\t\t\t<div class=\"pod-entry__title\">\n\t\t\t\t<a href=\"https:\/\/audioblog.arteradio.com\/blog\/196960\/podcast\/242644\">Boire @SP<\/a>\n\t\t\t<\/div>\n\t\t\t<div class=\"pod-entry__date\">13 janvier 2025<\/div>\n\t\t\t\t\t\t\t<div class=\"pod-entry__author\">Les pieds dans le plateau<\/div>\n\t\t\t\t\t<\/div>\n\t<\/div>\n<\/div>\n\n<div id=\"ppe-9072-3\" class=\"episode-list__entry pod-entry\" data-search-term=\"les sons de nico poisson @sp\" data-cats=\"\">\n\t<div class=\"pod-entry__wrapper\">\n\t\t<div class=\"pod-entry__content\">\n\t\t\t<div class=\"pod-entry__title\">\n\t\t\t\t<a href=\"https:\/\/audioblog.arteradio.com\/blog\/196960\/podcast\/221098\">Les Sons de Nico Poisson @SP<\/a>\n\t\t\t<\/div>\n\t\t\t<div class=\"pod-entry__date\">6 f\u00e9vrier 2024<\/div>\n\t\t\t\t\t\t\t<div class=\"pod-entry__author\">Les pieds dans le plateau<\/div>\n\t\t\t\t\t<\/div>\n\t<\/div>\n<\/div>\n\n<div id=\"ppe-9072-4\" class=\"episode-list__entry pod-entry\" data-search-term=\"et toi, t\u2019\u00e9tais au d\u00e9fil\u00e9 ? @sp\" data-cats=\"\">\n\t<div class=\"pod-entry__wrapper\">\n\t\t<div class=\"pod-entry__content\">\n\t\t\t<div class=\"pod-entry__title\">\n\t\t\t\t<a href=\"https:\/\/audioblog.arteradio.com\/blog\/196960\/podcast\/219338\">Et toi, t\u2019\u00e9tais au d\u00e9fil\u00e9 ? @SP<\/a>\n\t\t\t<\/div>\n\t\t\t<div class=\"pod-entry__date\">14 janvier 2024<\/div>\n\t\t\t\t\t\t\t<div class=\"pod-entry__author\">Les pieds dans le plateau<\/div>\n\t\t\t\t\t<\/div>\n\t<\/div>\n<\/div>\n\n<div id=\"ppe-9072-5\" class=\"episode-list__entry pod-entry\" data-search-term=\"balade subaquatique @sp\" data-cats=\"\">\n\t<div class=\"pod-entry__wrapper\">\n\t\t<div class=\"pod-entry__content\">\n\t\t\t<div class=\"pod-entry__title\">\n\t\t\t\t<a href=\"https:\/\/audioblog.arteradio.com\/blog\/196960\/podcast\/203005\">Balade subaquatique @SP<\/a>\n\t\t\t<\/div>\n\t\t\t<div class=\"pod-entry__date\">20 avril 2023<\/div>\n\t\t\t\t\t\t\t<div class=\"pod-entry__author\">Les pieds dans le plateau<\/div>\n\t\t\t\t\t<\/div>\n\t<\/div>\n<\/div>\n\n<div id=\"ppe-9072-6\" class=\"episode-list__entry pod-entry\" data-search-term=\"naissance d&rsquo;une radio @sp\" data-cats=\"\">\n\t<div class=\"pod-entry__wrapper\">\n\t\t<div class=\"pod-entry__content\">\n\t\t\t<div class=\"pod-entry__title\">\n\t\t\t\t<a href=\"https:\/\/audioblog.arteradio.com\/blog\/196960\/podcast\/202886\">Naissance d&rsquo;une radio @SP<\/a>\n\t\t\t<\/div>\n\t\t\t<div class=\"pod-entry__date\">18 avril 2023<\/div>\n\t\t\t\t\t\t\t<div class=\"pod-entry__author\">Les pieds dans le plateau<\/div>\n\t\t\t\t\t<\/div>\n\t<\/div>\n<\/div>\n<div class=\"episode-list__search-results episode-search\"><span class=\"ppjs__offscreen\">Search Results placeholder<\/span><\/div><\/div><\/div><div class=\"ppjs__list-reveal\"><div class=\"ppjs__button\"><button class=\"pp-prev-btn\"><span class=\"ppjs__offscreen\">Previous Episode<\/span><span class=\"btn-icon-wrap\"><svg class=\"icon icon-pp-previous\" aria-hidden=\"true\" role=\"img\" focusable=\"false\"><use href=\"#icon-pp-previous\" xlink:href=\"#icon-pp-previous\"><\/use><\/svg><\/span><\/button><\/div><div class=\"ppjs__button\"><button class=\"pp-list-btn\"><span class=\"ppjs__offscreen\">Show Episodes List<\/span><span class=\"btn-icon-wrap\"><svg class=\"icon icon-pp-show-list\" aria-hidden=\"true\" role=\"img\" focusable=\"false\"><use href=\"#icon-pp-show-list\" xlink:href=\"#icon-pp-show-list\"><\/use><\/svg><svg class=\"icon icon-pp-hide-list\" aria-hidden=\"true\" role=\"img\" focusable=\"false\"><use href=\"#icon-pp-hide-list\" xlink:href=\"#icon-pp-hide-list\"><\/use><\/svg><\/span><\/button><\/div><div class=\"ppjs__button\"><button class=\"pp-next-btn\"><span class=\"ppjs__offscreen\">Next Episode<\/span><span class=\"btn-icon-wrap\"><svg class=\"icon icon-pp-next\" aria-hidden=\"true\" role=\"img\" focusable=\"false\"><use href=\"#icon-pp-next\" xlink:href=\"#icon-pp-next\"><\/use><\/svg><\/span><\/button><\/div><\/div><\/div><\/div><div class=\"pod-content__launcher pod-launch\"><button class=\"pod-launch__button pod-launch__info pod-button\" aria-expanded=\"false\"><span class=\"ppjs__offscreen\">Show Podcast Information<\/span><span class=\"btn-icon-wrap\"><svg class=\"icon icon-pp-podcast\" aria-hidden=\"true\" role=\"img\" focusable=\"false\"><use href=\"#icon-pp-podcast\" xlink:href=\"#icon-pp-podcast\"><\/use><\/svg><svg class=\"icon icon-pp-x\" aria-hidden=\"true\" role=\"img\" focusable=\"false\"><use href=\"#icon-pp-x\" xlink:href=\"#icon-pp-x\"><\/use><\/svg><\/span><\/button><\/div><\/div>\n","protected":false},"excerpt":{"rendered":"","protected":false},"author":1,"featured_media":0,"parent":0,"menu_order":0,"comment_status":"closed","ping_status":"closed","template":"","meta":{"footnotes":""},"class_list":["post-882","page","type-page","status-publish","hentry"],"_links":{"self":[{"href":"https:\/\/lespiedsdansleplateau.fr\/index.php\/wp-json\/wp\/v2\/pages\/882","targetHints":{"allow":["GET"]}}],"collection":[{"href":"https:\/\/lespiedsdansleplateau.fr\/index.php\/wp-json\/wp\/v2\/pages"}],"about":[{"href":"https:\/\/lespiedsdansleplateau.fr\/index.php\/wp-json\/wp\/v2\/types\/page"}],"author":[{"embeddable":true,"href":"https:\/\/lespiedsdansleplateau.fr\/index.php\/wp-json\/wp\/v2\/users\/1"}],"replies":[{"embeddable":true,"href":"https:\/\/lespiedsdansleplateau.fr\/index.php\/wp-json\/wp\/v2\/comments?post=882"}],"version-history":[{"count":2,"href":"https:\/\/lespiedsdansleplateau.fr\/index.php\/wp-json\/wp\/v2\/pages\/882\/revisions"}],"predecessor-version":[{"id":884,"href":"https:\/\/lespiedsdansleplateau.fr\/index.php\/wp-json\/wp\/v2\/pages\/882\/revisions\/884"}],"wp:attachment":[{"href":"https:\/\/lespiedsdansleplateau.fr\/index.php\/wp-json\/wp\/v2\/media?parent=882"}],"curies":[{"name":"wp","href":"https:\/\/api.w.org\/{rel}","templated":true}]}}